{"id":9024,"date":"2020-12-18T11:05:15","date_gmt":"2020-12-18T10:05:15","guid":{"rendered":"https:\/\/www.alpin-massivholz.ch\/?page_id=9024"},"modified":"2020-12-18T11:08:08","modified_gmt":"2020-12-18T10:08:08","slug":"jobs","status":"publish","type":"page","link":"https:\/\/www.alpin-massivholz.ch\/fr\/jobs\/","title":{"rendered":"Jobs"},"content":{"rendered":"\n<h2 class=\"wp-block-heading\"><strong>Employ\u00e9(e) vente interne et externe Suisse Romande<\/strong><\/h2>\n\n\n\n<p><strong>Vos t\u00e2ches&nbsp;: <\/strong>Vous conseillez et \u00e9largissez notre client\u00e8le de mani\u00e8re engag\u00e9e et autonome. En tant que sp\u00e9cialiste du secteur bois, vous nouez des contacts personnalis\u00e9s avec des architectes, des sp\u00e9cialistes, des artisans et des ma\u00eetres d\u2019ouvrages.<\/p>\n\n\n\n<p><strong>Votre profil&nbsp;: <\/strong>Votre personnalit\u00e9 flexible fait preuve de sens de l\u2019initiative et d\u2019un \u00e9tat d\u2019esprit positif. Votre aimable opini\u00e2tret\u00e9 et votre r\u00e9flexion en faveur du service \u00e0 la client\u00e8le vous permettent de conclure ais\u00e9ment des affaires. Vous b\u00e9n\u00e9ficiez d\u2019une formation de charpentier ou de menuisier ou d\u2019une formation technique avec de l\u2019exp\u00e9rience professionnelle dans le secteur du bois, de la construction ou de l\u2019habitat. Une exp\u00e9rience Une connaissance orale de l\u2019allemand est \u00e9galement souhait\u00e9e.<\/p>\n\n\n\n<p><strong>Votre avenir&nbsp;: <\/strong>Vous b\u00e9n\u00e9ficiez d\u2019une pr\u00e9sentation soign\u00e9e des produits en bois massif (lambris et coffrages pour l\u2019int\u00e9rieur et l\u2019ext\u00e9rieur, parquet, fa\u00e7ades, terrasses). Vous suivez une formation de commer\u00e7ant en bois. Vous appr\u00e9ciez de pouvoir collaborer personnellement au sein d\u2019une entreprise familiale.<\/p>\n\n\n\n<p><em>Avons-nous \u00e9veill\u00e9 votre int\u00e9r\u00eat&nbsp;? Veuillez nous envoyer votre candidature compl\u00e8te \u00e0&nbsp;:<\/em><\/p>\n\n\n\n<p>Alpin Massivholz AG, Personalabteilung Herr Saurer, Aufeldstrasse 9, 5300 Turgi (<a href=\"mailto:alpin@alpin-massivholz.ch\">alpin@alpin-massivholz.ch<\/a>)<\/p>\n\n\n\n<p>Pour plus d\u2019informations, vous pouvez<strong> contacter Monsieur Daniel Christ<\/strong> au 056 424 24 14 ou 079 828 86 37.<\/p>\n","protected":false},"excerpt":{"rendered":"<p>Employ\u00e9(e) vente interne et externe Suisse Romande Vos t\u00e2ches&nbsp;: Vous conseillez et \u00e9largissez notre client\u00e8le de mani\u00e8re engag\u00e9e et autonome. En tant que sp\u00e9cialiste du secteur bois, vous nouez des contacts personnalis\u00e9s avec des architectes, des sp\u00e9cialistes, des artisans et des ma\u00eetres d\u2019ouvrages. Votre profil&nbsp;: Votre personnalit\u00e9 flexible fait preuve de sens de l\u2019initiative et &#8230; <a title=\"Jobs\" class=\"read-more\" href=\"https:\/\/www.alpin-massivholz.ch\/fr\/jobs\/\" aria-label=\"En savoir plus sur Jobs\">Read more<\/a><\/p>\n","protected":false},"author":3,"featured_media":0,"parent":0,"menu_order":7,"comment_status":"closed","ping_status":"closed","template":"","meta":{"footnotes":""},"class_list":{"0":"post-9024","1":"page","2":"type-page","3":"status-publish","5":"infinite-scroll-item"},"_links":{"self":[{"href":"https:\/\/www.alpin-massivholz.ch\/fr\/wp-json\/wp\/v2\/pages\/9024","targetHints":{"allow":["GET"]}}],"collection":[{"href":"https:\/\/www.alpin-massivholz.ch\/fr\/wp-json\/wp\/v2\/pages"}],"about":[{"href":"https:\/\/www.alpin-massivholz.ch\/fr\/wp-json\/wp\/v2\/types\/page"}],"author":[{"embeddable":true,"href":"https:\/\/www.alpin-massivholz.ch\/fr\/wp-json\/wp\/v2\/users\/3"}],"replies":[{"embeddable":true,"href":"https:\/\/www.alpin-massivholz.ch\/fr\/wp-json\/wp\/v2\/comments?post=9024"}],"version-history":[{"count":2,"href":"https:\/\/www.alpin-massivholz.ch\/fr\/wp-json\/wp\/v2\/pages\/9024\/revisions"}],"predecessor-version":[{"id":9026,"href":"https:\/\/www.alpin-massivholz.ch\/fr\/wp-json\/wp\/v2\/pages\/9024\/revisions\/9026"}],"wp:attachment":[{"href":"https:\/\/www.alpin-massivholz.ch\/fr\/wp-json\/wp\/v2\/media?parent=9024"}],"curies":[{"name":"wp","href":"https:\/\/api.w.org\/{rel}","templated":true}]}}