{"id":5770,"date":"2020-01-23T16:35:56","date_gmt":"2020-01-23T15:35:56","guid":{"rendered":"https:\/\/www.alpin-massivholz.ch\/?page_id=5770"},"modified":"2020-01-23T16:35:58","modified_gmt":"2020-01-23T15:35:58","slug":"alpin-on-tour","status":"publish","type":"page","link":"https:\/\/www.alpin-massivholz.ch\/fr\/exposition-conseil\/alpin-on-tour\/","title":{"rendered":"ALPIN on tour"},"content":{"rendered":"\n<div class=\"wp-block-image\"><figure class=\"aligncenter is-resized\"><img loading=\"lazy\" decoding=\"async\" src=\"https:\/\/www.alpin-massivholz.ch\/wp-content\/uploads\/2019\/06\/ALPIN-ON-TOUR.jpg\" alt=\"\" class=\"wp-image-1402\" width=\"343\" height=\"119\" srcset=\"https:\/\/www.alpin-massivholz.ch\/wp-content\/uploads\/2019\/06\/ALPIN-ON-TOUR.jpg 457w, https:\/\/www.alpin-massivholz.ch\/wp-content\/uploads\/2019\/06\/ALPIN-ON-TOUR-300x104.jpg 300w\" sizes=\"auto, (max-width: 343px) 100vw, 343px\" \/><\/figure><\/div>\n\n\n\n<p>Avec vous au bureau ou \u00e0 l&rsquo;atelier<\/p>\n\n\n\n<p>\u00ab\u00a0Quelqu&rsquo;un peut-il nous expliquer les diverses possibilit\u00e9s ?\u00a0\u00bb nous demande-t-on encore et encore. Nous avons pr\u00e9par\u00e9 une valise en cons\u00e9quence et venons volontiers chez vous durant notre tourn\u00e9e.<\/p>\n\n\n\n<h2 class=\"wp-block-heading\">Inscription pour un rendez-vous<\/h2>\n\n\n\n<div class=\"wpcf7 no-js\" id=\"wpcf7-f1409-o1\" lang=\"de-DE\" dir=\"ltr\" data-wpcf7-id=\"1409\">\n<div class=\"screen-reader-response\"><p role=\"status\" aria-live=\"polite\" aria-atomic=\"true\"><\/p> <ul><\/ul><\/div>\n<form action=\"\/fr\/wp-json\/wp\/v2\/pages\/5770#wpcf7-f1409-o1\" method=\"post\" class=\"wpcf7-form init\" aria-label=\"Kontaktformular\" novalidate=\"novalidate\" data-status=\"init\">\n<fieldset class=\"hidden-fields-container\"><input type=\"hidden\" name=\"_wpcf7\" value=\"1409\" \/><input type=\"hidden\" name=\"_wpcf7_version\" value=\"6.1.2\" \/><input type=\"hidden\" name=\"_wpcf7_locale\" value=\"de_DE\" \/><input type=\"hidden\" name=\"_wpcf7_unit_tag\" value=\"wpcf7-f1409-o1\" \/><input type=\"hidden\" name=\"_wpcf7_container_post\" value=\"0\" \/><input type=\"hidden\" name=\"_wpcf7_posted_data_hash\" value=\"\" \/><input type=\"hidden\" name=\"_wpcf7_recaptcha_response\" value=\"\" \/>\n<\/fieldset>\n<p><label> Firma<br \/>\n<span class=\"wpcf7-form-control-wrap\" data-name=\"Firma\"><input size=\"40\" maxlength=\"400\" class=\"wpcf7-form-control wpcf7-text\" aria-invalid=\"false\" value=\"\" type=\"text\" name=\"Firma\" \/><\/span><\/label>\n<\/p>\n<p><label> Ansprechsperson (Pflichtfeld)<br \/>\n<span class=\"wpcf7-form-control-wrap\" data-name=\"your-name\"><input size=\"40\" maxlength=\"400\" class=\"wpcf7-form-control wpcf7-text wpcf7-validates-as-required\" aria-required=\"true\" aria-invalid=\"false\" value=\"\" type=\"text\" name=\"your-name\" \/><\/span> <\/label>\n<\/p>\n<p><label> Deine E-Mail-Adresse (Pflichtfeld)<br \/>\n<span class=\"wpcf7-form-control-wrap\" data-name=\"your-email\"><input size=\"40\" maxlength=\"400\" class=\"wpcf7-form-control wpcf7-email wpcf7-validates-as-required wpcf7-text wpcf7-validates-as-email\" aria-required=\"true\" aria-invalid=\"false\" value=\"\" type=\"email\" name=\"your-email\" \/><\/span> <\/label>\n<\/p>\n<p><label> wir sind...<br \/>\n<span class=\"wpcf7-form-control-wrap\" data-name=\"Wir_sind\"><select class=\"wpcf7-form-control wpcf7-select wpcf7-validates-as-required\" aria-required=\"true\" aria-invalid=\"false\" name=\"Wir_sind\"><option value=\"\">&#8211; Bitte ausw\u00e4hlen &#8211;<\/option><option value=\"...ein Architekturb\u00fcro\">...ein Architekturb\u00fcro<\/option><option value=\"...Holzbauer\">...Holzbauer<\/option><option value=\"...Holzbauplaner\">...Holzbauplaner<\/option><option value=\"...Schreiner\">...Schreiner<\/option><option value=\"...Terrassenbauer\">...Terrassenbauer<\/option><\/select><\/span> <\/label><br \/>\n<label> ...in:<br \/>\n<span class=\"wpcf7-form-control-wrap\" data-name=\"Ort\"><input size=\"40\" maxlength=\"400\" class=\"wpcf7-form-control wpcf7-text\" aria-invalid=\"false\" value=\"\" type=\"text\" name=\"Ort\" \/><\/span> <\/label>\n<\/p>\n<p><label> Betreff<br \/>\n<span class=\"wpcf7-form-control-wrap\" data-name=\"your-subject\"><input size=\"40\" maxlength=\"400\" class=\"wpcf7-form-control wpcf7-text\" aria-invalid=\"false\" value=\"\" type=\"text\" name=\"your-subject\" \/><\/span> <\/label>\n<\/p>\n<p><label> Deine Nachricht<br \/>\n<span class=\"wpcf7-form-control-wrap\" data-name=\"your-message\"><textarea cols=\"40\" rows=\"10\" maxlength=\"2000\" class=\"wpcf7-form-control wpcf7-textarea\" aria-invalid=\"false\" name=\"your-message\"><\/textarea><\/span> <\/label>\n<\/p>\n<p><input class=\"wpcf7-form-control wpcf7-submit has-spinner\" type=\"submit\" value=\"Senden\" \/>\n<\/p><div class=\"wpcf7-response-output\" aria-hidden=\"true\"><\/div>\n<\/form>\n<\/div>\n\n","protected":false},"excerpt":{"rendered":"<p>Avec vous au bureau ou \u00e0 l&rsquo;atelier \u00ab\u00a0Quelqu&rsquo;un peut-il nous expliquer les diverses possibilit\u00e9s ?\u00a0\u00bb nous demande-t-on encore et encore. Nous avons pr\u00e9par\u00e9 une valise en cons\u00e9quence et venons volontiers chez vous durant notre tourn\u00e9e. Inscription pour un rendez-vous<\/p>\n","protected":false},"author":3,"featured_media":0,"parent":195,"menu_order":1,"comment_status":"closed","ping_status":"closed","template":"","meta":{"footnotes":""},"class_list":{"0":"post-5770","1":"page","2":"type-page","3":"status-publish","5":"infinite-scroll-item"},"_links":{"self":[{"href":"https:\/\/www.alpin-massivholz.ch\/fr\/wp-json\/wp\/v2\/pages\/5770","targetHints":{"allow":["GET"]}}],"collection":[{"href":"https:\/\/www.alpin-massivholz.ch\/fr\/wp-json\/wp\/v2\/pages"}],"about":[{"href":"https:\/\/www.alpin-massivholz.ch\/fr\/wp-json\/wp\/v2\/types\/page"}],"author":[{"embeddable":true,"href":"https:\/\/www.alpin-massivholz.ch\/fr\/wp-json\/wp\/v2\/users\/3"}],"replies":[{"embeddable":true,"href":"https:\/\/www.alpin-massivholz.ch\/fr\/wp-json\/wp\/v2\/comments?post=5770"}],"version-history":[{"count":1,"href":"https:\/\/www.alpin-massivholz.ch\/fr\/wp-json\/wp\/v2\/pages\/5770\/revisions"}],"predecessor-version":[{"id":5771,"href":"https:\/\/www.alpin-massivholz.ch\/fr\/wp-json\/wp\/v2\/pages\/5770\/revisions\/5771"}],"up":[{"embeddable":true,"href":"https:\/\/www.alpin-massivholz.ch\/fr\/wp-json\/wp\/v2\/pages\/195"}],"wp:attachment":[{"href":"https:\/\/www.alpin-massivholz.ch\/fr\/wp-json\/wp\/v2\/media?parent=5770"}],"curies":[{"name":"wp","href":"https:\/\/api.w.org\/{rel}","templated":true}]}}