{"id":2422,"date":"2019-07-29T16:19:58","date_gmt":"2019-07-29T14:19:58","guid":{"rendered":"https:\/\/www.alpin-massivholz.ch\/?page_id=2422"},"modified":"2019-07-29T16:30:19","modified_gmt":"2019-07-29T14:30:19","slug":"element-construction","status":"publish","type":"page","link":"https:\/\/www.alpin-massivholz.ch\/fr\/produkte\/element-construction\/","title":{"rendered":"Systeme de construction"},"content":{"rendered":"\n<p>Einzelne Produkte liefern wir als fertige Systeme, wenn diese daf\u00fcr entwickelt wurden. Wir kennen oder suchen verarbeitende Partner, die mit diesen Systemen Objekte realisieren k\u00f6nnen.<\/p>\n\n\n\n<p><\/p>\n\n\n\n<figure class=\"wp-block-image\"><img loading=\"lazy\" decoding=\"async\" width=\"300\" height=\"296\" src=\"https:\/\/www.alpin-massivholz.ch\/wp-content\/uploads\/2019\/05\/wandsystem.png\" alt=\"\" class=\"wp-image-1072\" srcset=\"https:\/\/www.alpin-massivholz.ch\/wp-content\/uploads\/2019\/05\/wandsystem.png 300w, https:\/\/www.alpin-massivholz.ch\/wp-content\/uploads\/2019\/05\/wandsystem-100x100.png 100w\" sizes=\"auto, (max-width: 300px) 100vw, 300px\" \/><figcaption>Naturholzwand mit <strong>meander iso<\/strong><\/figcaption><\/figure>\n\n\n\n<figure class=\"wp-block-image\"><img loading=\"lazy\" decoding=\"async\" width=\"320\" height=\"239\" src=\"https:\/\/www.alpin-massivholz.ch\/wp-content\/uploads\/2019\/05\/FireWallFS-Systemwand.jpg\" alt=\"\" class=\"wp-image-1075\" srcset=\"https:\/\/www.alpin-massivholz.ch\/wp-content\/uploads\/2019\/05\/FireWallFS-Systemwand.jpg 320w, https:\/\/www.alpin-massivholz.ch\/wp-content\/uploads\/2019\/05\/FireWallFS-Systemwand-300x224.jpg 300w\" sizes=\"auto, (max-width: 320px) 100vw, 320px\" \/><figcaption>ALPIN FireWallFS<\/figcaption><\/figure>\n\n\n\n<h3 class=\"wp-block-heading\">Spezielle Bauteile aus dem ALPIN-Sortiment<\/h3>\n\n\n<div class=\"display-posts-listing\"><div class=\"listing-item\"><a class=\"image\" href=\"https:\/\/www.alpin-massivholz.ch\/fr\/meander-isolation\/\"><img loading=\"lazy\" decoding=\"async\" width=\"150\" height=\"150\" src=\"https:\/\/www.alpin-massivholz.ch\/wp-content\/uploads\/2019\/05\/meander-ISO-Detail-klein-150x150.jpg\" class=\"attachment-thumbnail size-thumbnail wp-post-image\" alt=\"\" srcset=\"https:\/\/www.alpin-massivholz.ch\/wp-content\/uploads\/2019\/05\/meander-ISO-Detail-klein-150x150.jpg 150w, https:\/\/www.alpin-massivholz.ch\/wp-content\/uploads\/2019\/05\/meander-ISO-Detail-klein-300x300.jpg 300w, https:\/\/www.alpin-massivholz.ch\/wp-content\/uploads\/2019\/05\/meander-ISO-Detail-klein-100x100.jpg 100w\" sizes=\"auto, (max-width: 150px) 100vw, 150px\" \/><\/a> <a class=\"title\" href=\"https:\/\/www.alpin-massivholz.ch\/fr\/meander-isolation\/\">meander Isolation<\/a> <span class=\"excerpt-dash\">-<\/span> <span class=\"excerpt\">L'isolation intelligente en bois massif - une innovation prouv\u00e9e \u00e0 partir de mat\u00e9riaux naturels et de nouvelles id\u00e9es. Un d\u00e9veloppement suisse combine les propri\u00e9t\u00e9s d'isolation thermique de l'air et la capacit\u00e9 de stockage de chaleur du bois gr\u00e2ce \u00e0 la technologie de rainures machin\u00e9es pr\u00e9cis\u00e9ment. Meander ISO est le produit phare de l'isolation des b\u00e2timents.<\/span><\/div><div class=\"listing-item\"><a class=\"image\" href=\"https:\/\/www.alpin-massivholz.ch\/fr\/maison-en-bois-massif-aeria\/\"><img loading=\"lazy\" decoding=\"async\" width=\"150\" height=\"150\" src=\"https:\/\/www.alpin-massivholz.ch\/wp-content\/uploads\/2019\/05\/wandsystem-150x150.png\" class=\"attachment-thumbnail size-thumbnail wp-post-image\" alt=\"\" srcset=\"https:\/\/www.alpin-massivholz.ch\/wp-content\/uploads\/2019\/05\/wandsystem-150x150.png 150w, https:\/\/www.alpin-massivholz.ch\/wp-content\/uploads\/2019\/05\/wandsystem-100x100.png 100w\" sizes=\"auto, (max-width: 150px) 100vw, 150px\" \/><\/a> <a class=\"title\" href=\"https:\/\/www.alpin-massivholz.ch\/fr\/maison-en-bois-massif-aeria\/\">Maison en bois massif aeria<\/a> <span class=\"excerpt-dash\">-<\/span> <span class=\"excerpt\">Une maison faite d'un seul mat\u00e9riau de construction est maintenant possible. Bien s\u00fbr le meilleur des mat\u00e9riaux a \u00e9t\u00e9 choisi: le bois massif ! M\u00eame si l'on n'y croit pas, c\u2019est parce qu'il n'est pas \u00e0 si simple de r\u00e9aliser de tels projets.<\/span><\/div><div class=\"listing-item\"><a class=\"image\" href=\"https:\/\/www.alpin-massivholz.ch\/fr\/alpin-firewallfs\/\"><img loading=\"lazy\" decoding=\"async\" width=\"150\" height=\"150\" src=\"https:\/\/www.alpin-massivholz.ch\/wp-content\/uploads\/2019\/05\/bild-7.2-aktiv-150x150.jpg\" class=\"attachment-thumbnail size-thumbnail wp-post-image\" alt=\"\" srcset=\"https:\/\/www.alpin-massivholz.ch\/wp-content\/uploads\/2019\/05\/bild-7.2-aktiv-150x150.jpg 150w, https:\/\/www.alpin-massivholz.ch\/wp-content\/uploads\/2019\/05\/bild-7.2-aktiv-300x300.jpg 300w, https:\/\/www.alpin-massivholz.ch\/wp-content\/uploads\/2019\/05\/bild-7.2-aktiv-100x100.jpg 100w\" sizes=\"auto, (max-width: 150px) 100vw, 150px\" \/><\/a> <a class=\"title\" href=\"https:\/\/www.alpin-massivholz.ch\/fr\/alpin-firewallfs\/\">ALPIN FireWallFS<\/a> <span class=\"excerpt-dash\">-<\/span> <span class=\"excerpt\">Les murs du b\u00e2timent du futur seront en bois impr\u00e9gn\u00e9 r\u00e9sistant au feu et offre des avantages convaincants par rapport aux syst\u00e8mes conventionnels. Tous les composants sont en bois impr\u00e9gn\u00e9 sous pression et ces bois WoodFS sont RF2, c'est-\u00e0-dire quasiment incombustible. Le syst\u00e8me est construit de mani\u00e8re modulaire \u00e0 partir de pi\u00e8ces standard et peut \u00eatre assembl\u00e9 rapidement et sans poussi\u00e8re, m\u00eame dans des zones tr\u00e8s fr\u00e9quent\u00e9es.<\/span><\/div><\/div>\n","protected":false},"excerpt":{"rendered":"<p>Einzelne Produkte liefern wir als fertige Systeme, wenn diese daf\u00fcr entwickelt wurden. Wir kennen oder suchen verarbeitende Partner, die mit diesen Systemen Objekte realisieren k\u00f6nnen. Spezielle Bauteile aus dem ALPIN-Sortiment<\/p>\n","protected":false},"author":3,"featured_media":2206,"parent":186,"menu_order":13,"comment_status":"closed","ping_status":"closed","template":"","meta":{"footnotes":""},"class_list":["post-2422","page","type-page","status-publish","has-post-thumbnail","hentry","infinite-scroll-item"],"_links":{"self":[{"href":"https:\/\/www.alpin-massivholz.ch\/fr\/wp-json\/wp\/v2\/pages\/2422","targetHints":{"allow":["GET"]}}],"collection":[{"href":"https:\/\/www.alpin-massivholz.ch\/fr\/wp-json\/wp\/v2\/pages"}],"about":[{"href":"https:\/\/www.alpin-massivholz.ch\/fr\/wp-json\/wp\/v2\/types\/page"}],"author":[{"embeddable":true,"href":"https:\/\/www.alpin-massivholz.ch\/fr\/wp-json\/wp\/v2\/users\/3"}],"replies":[{"embeddable":true,"href":"https:\/\/www.alpin-massivholz.ch\/fr\/wp-json\/wp\/v2\/comments?post=2422"}],"version-history":[{"count":2,"href":"https:\/\/www.alpin-massivholz.ch\/fr\/wp-json\/wp\/v2\/pages\/2422\/revisions"}],"predecessor-version":[{"id":2429,"href":"https:\/\/www.alpin-massivholz.ch\/fr\/wp-json\/wp\/v2\/pages\/2422\/revisions\/2429"}],"up":[{"embeddable":true,"href":"https:\/\/www.alpin-massivholz.ch\/fr\/wp-json\/wp\/v2\/pages\/186"}],"wp:featuredmedia":[{"embeddable":true,"href":"https:\/\/www.alpin-massivholz.ch\/fr\/wp-json\/wp\/v2\/media\/2206"}],"wp:attachment":[{"href":"https:\/\/www.alpin-massivholz.ch\/fr\/wp-json\/wp\/v2\/media?parent=2422"}],"curies":[{"name":"wp","href":"https:\/\/api.w.org\/{rel}","templated":true}]}}