{"id":2419,"date":"2019-07-29T16:04:40","date_gmt":"2019-07-29T14:04:40","guid":{"rendered":"https:\/\/www.alpin-massivholz.ch\/?page_id=2419"},"modified":"2019-07-29T16:04:41","modified_gmt":"2019-07-29T14:04:41","slug":"protection-incendies","status":"publish","type":"page","link":"https:\/\/www.alpin-massivholz.ch\/fr\/produkte\/protection-incendies\/","title":{"rendered":"Protection incendies"},"content":{"rendered":"\n<p>Grunds\u00e4tzlich ist Holz ein Energietr\u00e4ger, es gibt aber L\u00f6sungen f\u00fcr den Brandschutz im Holzbau.<\/p>\n\n\n\n<figure class=\"wp-block-image\"><img loading=\"lazy\" decoding=\"async\" width=\"1024\" height=\"614\" src=\"https:\/\/www.alpin-massivholz.ch\/wp-content\/uploads\/2019\/05\/Brandverhalten-1024x614.jpg\" alt=\"\" class=\"wp-image-1051\" srcset=\"https:\/\/www.alpin-massivholz.ch\/wp-content\/uploads\/2019\/05\/Brandverhalten-1024x614.jpg 1024w, https:\/\/www.alpin-massivholz.ch\/wp-content\/uploads\/2019\/05\/Brandverhalten-300x180.jpg 300w, https:\/\/www.alpin-massivholz.ch\/wp-content\/uploads\/2019\/05\/Brandverhalten-768x461.jpg 768w, https:\/\/www.alpin-massivholz.ch\/wp-content\/uploads\/2019\/05\/Brandverhalten-600x360.jpg 600w, https:\/\/www.alpin-massivholz.ch\/wp-content\/uploads\/2019\/05\/Brandverhalten.jpg 1202w\" sizes=\"auto, (max-width: 1024px) 100vw, 1024px\" \/><\/figure>\n\n\n\n<p>Holzkonstruktionen k\u00f6nnen nicht nur entsprechend dimensioniert werden, es gibt auch Brandschutz-Materialien aus Holz. Diese sind kesseldruck-impr\u00e4gniert oder beschichtet.<\/p>\n\n\n\n<figure class=\"wp-block-image\"><img loading=\"lazy\" decoding=\"async\" width=\"1024\" height=\"151\" src=\"https:\/\/www.alpin-massivholz.ch\/wp-content\/uploads\/2019\/05\/ALPIN-Massivholz-ALPIN-WoodlFS-Logo-1024x151.png\" alt=\"\" class=\"wp-image-1055\" srcset=\"https:\/\/www.alpin-massivholz.ch\/wp-content\/uploads\/2019\/05\/ALPIN-Massivholz-ALPIN-WoodlFS-Logo-1024x151.png 1024w, https:\/\/www.alpin-massivholz.ch\/wp-content\/uploads\/2019\/05\/ALPIN-Massivholz-ALPIN-WoodlFS-Logo-300x44.png 300w, https:\/\/www.alpin-massivholz.ch\/wp-content\/uploads\/2019\/05\/ALPIN-Massivholz-ALPIN-WoodlFS-Logo-768x113.png 768w, https:\/\/www.alpin-massivholz.ch\/wp-content\/uploads\/2019\/05\/ALPIN-Massivholz-ALPIN-WoodlFS-Logo-600x88.png 600w, https:\/\/www.alpin-massivholz.ch\/wp-content\/uploads\/2019\/05\/ALPIN-Massivholz-ALPIN-WoodlFS-Logo.png 1309w\" sizes=\"auto, (max-width: 1024px) 100vw, 1024px\" \/><\/figure>\n\n\n\n<p>Bei ALPIN MASSIVHOLZ AG finden Sie die aktuell technisch besten L\u00f6sungen f\u00fcr den Brandschutz im Holzbau.<\/p>\n\n\n\n<figure class=\"wp-block-image\"><img loading=\"lazy\" decoding=\"async\" width=\"954\" height=\"497\" src=\"https:\/\/www.alpin-massivholz.ch\/wp-content\/uploads\/2019\/05\/Brandverhalten-Abbrand.jpg\" alt=\"\" class=\"wp-image-1053\" srcset=\"https:\/\/www.alpin-massivholz.ch\/wp-content\/uploads\/2019\/05\/Brandverhalten-Abbrand.jpg 954w, https:\/\/www.alpin-massivholz.ch\/wp-content\/uploads\/2019\/05\/Brandverhalten-Abbrand-300x156.jpg 300w, https:\/\/www.alpin-massivholz.ch\/wp-content\/uploads\/2019\/05\/Brandverhalten-Abbrand-768x400.jpg 768w, https:\/\/www.alpin-massivholz.ch\/wp-content\/uploads\/2019\/05\/Brandverhalten-Abbrand-600x313.jpg 600w\" sizes=\"auto, (max-width: 954px) 100vw, 954px\" \/><\/figure>\n\n\n\n<h3 class=\"wp-block-heading\">Unsere Produkte f\u00fcr den Brandschutz<\/h3>\n\n\n<div class=\"display-posts-listing\"><div class=\"listing-item\"><a class=\"image\" href=\"https:\/\/www.alpin-massivholz.ch\/fr\/alpin-woodfs\/\"><img loading=\"lazy\" decoding=\"async\" width=\"150\" height=\"150\" src=\"https:\/\/www.alpin-massivholz.ch\/wp-content\/uploads\/2019\/05\/bild-7.1-aktiv-1-150x150.jpg\" class=\"attachment-thumbnail size-thumbnail wp-post-image\" alt=\"\" srcset=\"https:\/\/www.alpin-massivholz.ch\/wp-content\/uploads\/2019\/05\/bild-7.1-aktiv-1-150x150.jpg 150w, https:\/\/www.alpin-massivholz.ch\/wp-content\/uploads\/2019\/05\/bild-7.1-aktiv-1-300x300.jpg 300w, https:\/\/www.alpin-massivholz.ch\/wp-content\/uploads\/2019\/05\/bild-7.1-aktiv-1-100x100.jpg 100w\" sizes=\"auto, (max-width: 150px) 100vw, 150px\" \/><\/a> <a class=\"title\" href=\"https:\/\/www.alpin-massivholz.ch\/fr\/alpin-woodfs\/\">ALPIN WoodFS<\/a> <span class=\"excerpt-dash\">-<\/span> <span class=\"excerpt\">L'innovation technique par un proc\u00e9d\u00e9 d'impr\u00e9gnation permet d'utiliser le bois dans des zones qui n'\u00e9taient auparavant pas ou peu \u00e9ligibles \u00e0 l'homologation. Dans le processus de pression de la chambre sous vide, le sel de protection contre l'incendie est press\u00e9 selon un processus d\u00e9fini et sp\u00e9cifique au produit. Ainsi, le bois de conif\u00e8res \"normal\" devient un mat\u00e9riau de construction de classe RF2 (quasiment incombustible).<\/span><\/div><div class=\"listing-item\"><a class=\"image\" href=\"https:\/\/www.alpin-massivholz.ch\/fr\/alpin-firewallfs\/\"><img loading=\"lazy\" decoding=\"async\" width=\"150\" height=\"150\" src=\"https:\/\/www.alpin-massivholz.ch\/wp-content\/uploads\/2019\/05\/bild-7.2-aktiv-150x150.jpg\" class=\"attachment-thumbnail size-thumbnail wp-post-image\" alt=\"\" srcset=\"https:\/\/www.alpin-massivholz.ch\/wp-content\/uploads\/2019\/05\/bild-7.2-aktiv-150x150.jpg 150w, https:\/\/www.alpin-massivholz.ch\/wp-content\/uploads\/2019\/05\/bild-7.2-aktiv-300x300.jpg 300w, https:\/\/www.alpin-massivholz.ch\/wp-content\/uploads\/2019\/05\/bild-7.2-aktiv-100x100.jpg 100w\" sizes=\"auto, (max-width: 150px) 100vw, 150px\" \/><\/a> <a class=\"title\" href=\"https:\/\/www.alpin-massivholz.ch\/fr\/alpin-firewallfs\/\">ALPIN FireWallFS<\/a> <span class=\"excerpt-dash\">-<\/span> <span class=\"excerpt\">Les murs du b\u00e2timent du futur seront en bois impr\u00e9gn\u00e9 r\u00e9sistant au feu et offre des avantages convaincants par rapport aux syst\u00e8mes conventionnels. Tous les composants sont en bois impr\u00e9gn\u00e9 sous pression et ces bois WoodFS sont RF2, c'est-\u00e0-dire quasiment incombustible. Le syst\u00e8me est construit de mani\u00e8re modulaire \u00e0 partir de pi\u00e8ces standard et peut \u00eatre assembl\u00e9 rapidement et sans poussi\u00e8re, m\u00eame dans des zones tr\u00e8s fr\u00e9quent\u00e9es.<\/span><\/div><div class=\"listing-item\"><a class=\"image\" href=\"https:\/\/www.alpin-massivholz.ch\/fr\/fireboardfs-osb\/\"><img loading=\"lazy\" decoding=\"async\" width=\"150\" height=\"150\" src=\"https:\/\/www.alpin-massivholz.ch\/wp-content\/uploads\/2019\/05\/bild-7.3-aktiv-150x150.jpg\" class=\"attachment-thumbnail size-thumbnail wp-post-image\" alt=\"\" srcset=\"https:\/\/www.alpin-massivholz.ch\/wp-content\/uploads\/2019\/05\/bild-7.3-aktiv-150x150.jpg 150w, https:\/\/www.alpin-massivholz.ch\/wp-content\/uploads\/2019\/05\/bild-7.3-aktiv-300x300.jpg 300w, https:\/\/www.alpin-massivholz.ch\/wp-content\/uploads\/2019\/05\/bild-7.3-aktiv-100x100.jpg 100w\" sizes=\"auto, (max-width: 150px) 100vw, 150px\" \/><\/a> <a class=\"title\" href=\"https:\/\/www.alpin-massivholz.ch\/fr\/fireboardfs-osb\/\">FireBoardFS &#8211; OSB<\/a> <span class=\"excerpt-dash\">-<\/span> <span class=\"excerpt\">Les panneaux de bois OSB avec rev\u00eatement ignifuge combinent de mani\u00e8re optimale la protection contre l'incendie et le contreventement. OSB Firestop est un nouveau panneau de protection contre l'incendie sur la base d\u2019un OSB Superfinish ECO avec un rev\u00eatement ignifuge fait d'usine. Le panneau combine les avantages statiques, constructif ainsi que le traitement de surface comme serait un panneau \u00e0 base min\u00e9rale.<\/span><\/div><\/div>\n","protected":false},"excerpt":{"rendered":"<p>Grunds\u00e4tzlich ist Holz ein Energietr\u00e4ger, es gibt aber L\u00f6sungen f\u00fcr den Brandschutz im Holzbau. Holzkonstruktionen k\u00f6nnen nicht nur entsprechend dimensioniert werden, es gibt auch Brandschutz-Materialien aus Holz. Diese sind kesseldruck-impr\u00e4gniert oder beschichtet. Bei ALPIN MASSIVHOLZ AG finden Sie die aktuell technisch besten L\u00f6sungen f\u00fcr den Brandschutz im Holzbau. Unsere Produkte f\u00fcr den Brandschutz<\/p>\n","protected":false},"author":3,"featured_media":2204,"parent":186,"menu_order":11,"comment_status":"closed","ping_status":"closed","template":"","meta":{"footnotes":""},"class_list":["post-2419","page","type-page","status-publish","has-post-thumbnail","hentry","infinite-scroll-item"],"_links":{"self":[{"href":"https:\/\/www.alpin-massivholz.ch\/fr\/wp-json\/wp\/v2\/pages\/2419","targetHints":{"allow":["GET"]}}],"collection":[{"href":"https:\/\/www.alpin-massivholz.ch\/fr\/wp-json\/wp\/v2\/pages"}],"about":[{"href":"https:\/\/www.alpin-massivholz.ch\/fr\/wp-json\/wp\/v2\/types\/page"}],"author":[{"embeddable":true,"href":"https:\/\/www.alpin-massivholz.ch\/fr\/wp-json\/wp\/v2\/users\/3"}],"replies":[{"embeddable":true,"href":"https:\/\/www.alpin-massivholz.ch\/fr\/wp-json\/wp\/v2\/comments?post=2419"}],"version-history":[{"count":1,"href":"https:\/\/www.alpin-massivholz.ch\/fr\/wp-json\/wp\/v2\/pages\/2419\/revisions"}],"predecessor-version":[{"id":2420,"href":"https:\/\/www.alpin-massivholz.ch\/fr\/wp-json\/wp\/v2\/pages\/2419\/revisions\/2420"}],"up":[{"embeddable":true,"href":"https:\/\/www.alpin-massivholz.ch\/fr\/wp-json\/wp\/v2\/pages\/186"}],"wp:featuredmedia":[{"embeddable":true,"href":"https:\/\/www.alpin-massivholz.ch\/fr\/wp-json\/wp\/v2\/media\/2204"}],"wp:attachment":[{"href":"https:\/\/www.alpin-massivholz.ch\/fr\/wp-json\/wp\/v2\/media?parent=2419"}],"curies":[{"name":"wp","href":"https:\/\/api.w.org\/{rel}","templated":true}]}}