{"id":2417,"date":"2019-07-29T16:01:17","date_gmt":"2019-07-29T14:01:17","guid":{"rendered":"https:\/\/www.alpin-massivholz.ch\/?page_id=2417"},"modified":"2019-07-29T16:01:18","modified_gmt":"2019-07-29T14:01:18","slug":"bois-de-construction","status":"publish","type":"page","link":"https:\/\/www.alpin-massivholz.ch\/fr\/produkte\/bois-de-construction\/","title":{"rendered":"Bois de construction"},"content":{"rendered":"\n<p><strong>Vom\nBaumstamm zum Konstruktionsholz<\/strong><\/p>\n\n\n\n<figure class=\"wp-block-image\"><img loading=\"lazy\" decoding=\"async\" width=\"812\" height=\"586\" src=\"https:\/\/www.alpin-massivholz.ch\/wp-content\/uploads\/2019\/05\/S\u00e4gerei-Einschnitt.jpg\" alt=\"\" class=\"wp-image-1045\" srcset=\"https:\/\/www.alpin-massivholz.ch\/wp-content\/uploads\/2019\/05\/S\u00e4gerei-Einschnitt.jpg 812w, https:\/\/www.alpin-massivholz.ch\/wp-content\/uploads\/2019\/05\/S\u00e4gerei-Einschnitt-300x217.jpg 300w, https:\/\/www.alpin-massivholz.ch\/wp-content\/uploads\/2019\/05\/S\u00e4gerei-Einschnitt-768x554.jpg 768w, https:\/\/www.alpin-massivholz.ch\/wp-content\/uploads\/2019\/05\/S\u00e4gerei-Einschnitt-600x433.jpg 600w\" sizes=\"auto, (max-width: 812px) 100vw, 812px\" \/><\/figure>\n\n\n\n<p>Mit unseren Partnern aus der S\u00e4ge-Industrie werden aus dem Rohstoff Holz von massiven Balken bis zu hoch belastbaren Stabtr\u00e4gern alle Varianten von Konstruktionsh\u00f6lzern hergestellt.<\/p>\n\n\n\n<p><strong>Klassisches\nBauholz<\/strong><\/p>\n\n\n\n<p>Massive Holzbalken sind das klassische Baumaterial f\u00fcr den Aussenbereich, historische Renovationen und f\u00fcr Bauten mit klar \u00f6kologischer Priorisierung. Wir bieten Bauholz frisch ges\u00e4gt, getrocknet, s\u00e4gerau oder auch gehobelt in verschiedenen Holzarten an.<\/p>\n\n\n\n<p><strong>Verleimte\nKonstruktionsh\u00f6lzer<\/strong><\/p>\n\n\n\n<figure class=\"wp-block-image\"><img loading=\"lazy\" decoding=\"async\" width=\"906\" height=\"600\" src=\"https:\/\/www.alpin-massivholz.ch\/wp-content\/uploads\/2019\/05\/Konstruktionsholz-verleimt.jpg\" alt=\"\" class=\"wp-image-1043\" srcset=\"https:\/\/www.alpin-massivholz.ch\/wp-content\/uploads\/2019\/05\/Konstruktionsholz-verleimt.jpg 906w, https:\/\/www.alpin-massivholz.ch\/wp-content\/uploads\/2019\/05\/Konstruktionsholz-verleimt-300x199.jpg 300w, https:\/\/www.alpin-massivholz.ch\/wp-content\/uploads\/2019\/05\/Konstruktionsholz-verleimt-768x509.jpg 768w, https:\/\/www.alpin-massivholz.ch\/wp-content\/uploads\/2019\/05\/Konstruktionsholz-verleimt-600x397.jpg 600w\" sizes=\"auto, (max-width: 906px) 100vw, 906px\" \/><\/figure>\n\n\n\n<p>Als Standard-Produkte haben die in der L\u00e4nge\ngezinkten und verleimten St\u00e4be die ges\u00e4gten Bauh\u00f6lzer etwas ersetzt. Durch die\nM\u00f6glichkeiten Fehler raus zu schneiden, steigt der Anteil des verwertbaren Holzes.\nDas macht diese Produkte fertigungstechnisch und \u00f6konomisch nat\u00fcrlich\ninteressant.<\/p>\n\n\n\n<figure class=\"wp-block-image\"><img loading=\"lazy\" decoding=\"async\" width=\"1024\" height=\"683\" src=\"https:\/\/www.alpin-massivholz.ch\/wp-content\/uploads\/2019\/05\/LVL-Konstruktionssperrholz-1024x683.jpg\" alt=\"\" class=\"wp-image-1047\" srcset=\"https:\/\/www.alpin-massivholz.ch\/wp-content\/uploads\/2019\/05\/LVL-Konstruktionssperrholz-1024x683.jpg 1024w, https:\/\/www.alpin-massivholz.ch\/wp-content\/uploads\/2019\/05\/LVL-Konstruktionssperrholz-300x200.jpg 300w, https:\/\/www.alpin-massivholz.ch\/wp-content\/uploads\/2019\/05\/LVL-Konstruktionssperrholz-768x512.jpg 768w, https:\/\/www.alpin-massivholz.ch\/wp-content\/uploads\/2019\/05\/LVL-Konstruktionssperrholz-600x400.jpg 600w, https:\/\/www.alpin-massivholz.ch\/wp-content\/uploads\/2019\/05\/LVL-Konstruktionssperrholz.jpg 1424w\" sizes=\"auto, (max-width: 1024px) 100vw, 1024px\" \/><\/figure>\n\n\n\n<h3 class=\"wp-block-heading\">Unsere Produkte f\u00fcr den Holzbau<\/h3>\n\n\n<div class=\"display-posts-listing\"><div class=\"listing-item\"><a class=\"image\" href=\"https:\/\/www.alpin-massivholz.ch\/fr\/bois-lamelle-colle\/\"><img loading=\"lazy\" decoding=\"async\" width=\"150\" height=\"150\" src=\"https:\/\/www.alpin-massivholz.ch\/wp-content\/uploads\/2019\/01\/Leimholztr\u00e4ger-150x150.jpg\" class=\"attachment-thumbnail size-thumbnail wp-post-image\" alt=\"\" srcset=\"https:\/\/www.alpin-massivholz.ch\/wp-content\/uploads\/2019\/01\/Leimholztr\u00e4ger-150x150.jpg 150w, https:\/\/www.alpin-massivholz.ch\/wp-content\/uploads\/2019\/01\/Leimholztr\u00e4ger-300x300.jpg 300w, https:\/\/www.alpin-massivholz.ch\/wp-content\/uploads\/2019\/01\/Leimholztr\u00e4ger-100x100.jpg 100w\" sizes=\"auto, (max-width: 150px) 100vw, 150px\" \/><\/a> <a class=\"title\" href=\"https:\/\/www.alpin-massivholz.ch\/fr\/bois-lamelle-colle\/\">Poutre en bois lamell\u00e9-coll\u00e9<\/a> <span class=\"excerpt-dash\">-<\/span> <span class=\"excerpt\">Nous appelons toutes les poutres lamell\u00e9es compos\u00e9es de plusieurs lamelles de bois coll\u00e9s ensemble. Ces barres sont utilis\u00e9es dans le domaine purement constructif comme NSi (non visible) ou comme Si (visible). Notre gamme comprend des DUO\/TRIO, BLC et KVH, ainsi que des LVL (BLC h\u00eatre) sur mesure.<\/span><\/div><div class=\"listing-item\"><a class=\"image\" href=\"https:\/\/www.alpin-massivholz.ch\/fr\/bois-equarri\/\"><img loading=\"lazy\" decoding=\"async\" width=\"150\" height=\"150\" src=\"https:\/\/www.alpin-massivholz.ch\/wp-content\/uploads\/2019\/05\/Bild-5.2.-150x150.jpg\" class=\"attachment-thumbnail size-thumbnail wp-post-image\" alt=\"\" srcset=\"https:\/\/www.alpin-massivholz.ch\/wp-content\/uploads\/2019\/05\/Bild-5.2.-150x150.jpg 150w, https:\/\/www.alpin-massivholz.ch\/wp-content\/uploads\/2019\/05\/Bild-5.2.-300x300.jpg 300w, https:\/\/www.alpin-massivholz.ch\/wp-content\/uploads\/2019\/05\/Bild-5.2.-100x100.jpg 100w\" sizes=\"auto, (max-width: 150px) 100vw, 150px\" \/><\/a> <a class=\"title\" href=\"https:\/\/www.alpin-massivholz.ch\/fr\/bois-equarri\/\">Bois \u00e9quarri<\/a> <span class=\"excerpt-dash\">-<\/span> <span class=\"excerpt\">Nous pouvons fournir du bois pour les constructions classiques ou pour des transformations de monuments historiques. En sapin\/\u00e9pic\u00e9a ou dans diff\u00e9rentes essences comme le pin douglas ou le m\u00e9l\u00e8ze du pays, nous produisons selon vos demandes.<\/span><\/div><div class=\"listing-item\"><a class=\"image\" href=\"https:\/\/www.alpin-massivholz.ch\/fr\/lattes\/\"><img loading=\"lazy\" decoding=\"async\" width=\"150\" height=\"150\" src=\"https:\/\/www.alpin-massivholz.ch\/wp-content\/uploads\/2019\/05\/Bild-5.3-150x150.jpg\" class=\"attachment-thumbnail size-thumbnail wp-post-image\" alt=\"\" srcset=\"https:\/\/www.alpin-massivholz.ch\/wp-content\/uploads\/2019\/05\/Bild-5.3-150x150.jpg 150w, https:\/\/www.alpin-massivholz.ch\/wp-content\/uploads\/2019\/05\/Bild-5.3-300x300.jpg 300w, https:\/\/www.alpin-massivholz.ch\/wp-content\/uploads\/2019\/05\/Bild-5.3-100x100.jpg 100w\" sizes=\"auto, (max-width: 150px) 100vw, 150px\" \/><\/a> <a class=\"title\" href=\"https:\/\/www.alpin-massivholz.ch\/fr\/lattes\/\">Lattes<\/a> <span class=\"excerpt-dash\">-<\/span> <span class=\"excerpt\">Les lattes about\u00e9es pour la construction sont des produits de qualit\u00e9 issus de la production r\u00e9gionale. Nous avons \u00e9galement en stock des lattes de fa\u00e7ade enduites en noir pour la sous-construction de fa\u00e7ades ajour\u00e9es. Nous pouvons produire et livrer rapidement des lattes non-about\u00e9es de 24, 40, 50 et 60 mm avec les largeurs souhait\u00e9es \u00e0 partir de produits stock\u00e9s et sec \u00e0 l'air.<\/span><\/div><div class=\"listing-item\"><a class=\"image\" href=\"https:\/\/www.alpin-massivholz.ch\/fr\/panneaux-grand-formats\/\"><img loading=\"lazy\" decoding=\"async\" width=\"150\" height=\"150\" src=\"https:\/\/www.alpin-massivholz.ch\/wp-content\/uploads\/2019\/05\/bild-5.4-aktiv-150x150.jpg\" class=\"attachment-thumbnail size-thumbnail wp-post-image\" alt=\"\" srcset=\"https:\/\/www.alpin-massivholz.ch\/wp-content\/uploads\/2019\/05\/bild-5.4-aktiv-150x150.jpg 150w, https:\/\/www.alpin-massivholz.ch\/wp-content\/uploads\/2019\/05\/bild-5.4-aktiv-300x300.jpg 300w, https:\/\/www.alpin-massivholz.ch\/wp-content\/uploads\/2019\/05\/bild-5.4-aktiv-100x100.jpg 100w\" sizes=\"auto, (max-width: 150px) 100vw, 150px\" \/><\/a> <a class=\"title\" href=\"https:\/\/www.alpin-massivholz.ch\/fr\/panneaux-grand-formats\/\">Panneaux de grand formats<\/a> <span class=\"excerpt-dash\">-<\/span> <span class=\"excerpt\">Les panneaux en bois \u00e0 lamelles coll\u00e9es sont des panneaux de construction \u00e0 trois ou plusieurs couches qui sont produits et fournis en tant que pi\u00e8ces compl\u00e8tes pour la construction de murs, sols ou plafonds. Les formats et finitions possibles varient d'un fabricant \u00e0 l'autre. Nous connaissons ces syst\u00e8mes et nous vous conseillons volontiers.<\/span><\/div><div class=\"listing-item\"><a class=\"image\" href=\"https:\/\/www.alpin-massivholz.ch\/fr\/dalles-blc\/\"><img loading=\"lazy\" decoding=\"async\" width=\"150\" height=\"150\" src=\"https:\/\/www.alpin-massivholz.ch\/wp-content\/uploads\/2019\/05\/bild-5.5-150x150.jpg\" class=\"attachment-thumbnail size-thumbnail wp-post-image\" alt=\"\" srcset=\"https:\/\/www.alpin-massivholz.ch\/wp-content\/uploads\/2019\/05\/bild-5.5-150x150.jpg 150w, https:\/\/www.alpin-massivholz.ch\/wp-content\/uploads\/2019\/05\/bild-5.5-300x300.jpg 300w, https:\/\/www.alpin-massivholz.ch\/wp-content\/uploads\/2019\/05\/bild-5.5-100x100.jpg 100w\" sizes=\"auto, (max-width: 150px) 100vw, 150px\" \/><\/a> <a class=\"title\" href=\"https:\/\/www.alpin-massivholz.ch\/fr\/dalles-blc\/\">Dalles BLC<\/a> <span class=\"excerpt-dash\">-<\/span> <span class=\"excerpt\">Les \u00e9l\u00e9ments BLC \u00e9quip\u00e9s de rainures et cr\u00eates sont en principe pr\u00e9vus pour une pose horizontale. Les principales applications sont les plafonds porteurs et, dans une moindre mesure, les structures murales. Des longueurs allant jusqu'\u00e0 24,00 m sont possibles. Les dalles ont une \u00e9paisseur comprise entre 60 et 260 mm et une largeur de 320 \u00e0 960 mm (incl. cr\u00eate).<\/span><\/div><div class=\"listing-item\"><a class=\"image\" href=\"https:\/\/www.alpin-massivholz.ch\/fr\/taille\/\"><img loading=\"lazy\" decoding=\"async\" width=\"150\" height=\"150\" src=\"https:\/\/www.alpin-massivholz.ch\/wp-content\/uploads\/2019\/05\/Bild-5.7-150x150.jpg\" class=\"attachment-thumbnail size-thumbnail wp-post-image\" alt=\"\" srcset=\"https:\/\/www.alpin-massivholz.ch\/wp-content\/uploads\/2019\/05\/Bild-5.7-150x150.jpg 150w, https:\/\/www.alpin-massivholz.ch\/wp-content\/uploads\/2019\/05\/Bild-5.7-100x100.jpg 100w\" sizes=\"auto, (max-width: 150px) 100vw, 150px\" \/><\/a> <a class=\"title\" href=\"https:\/\/www.alpin-massivholz.ch\/fr\/taille\/\">Taille<\/a> <span class=\"excerpt-dash\">-<\/span> <span class=\"excerpt\">En plus de notre bois de construction, nous proposons \u00e9galement des solutions pr\u00eates \u00e0 l'emploi. Selon les besoins, nous pouvons d\u00e9couper sur mesure sur avec la machine appropri\u00e9e pour produire des pi\u00e8ces finies. Nous traitons les donn\u00e9es en 3D de tous les fournisseurs de logiciels importants comme CADWORK, Dietrich, SEMA etc.<\/span><\/div><div class=\"listing-item\"><a class=\"image\" href=\"https:\/\/www.alpin-massivholz.ch\/fr\/poutres-oldwood\/\"><img loading=\"lazy\" decoding=\"async\" width=\"150\" height=\"150\" src=\"https:\/\/www.alpin-massivholz.ch\/wp-content\/uploads\/2019\/01\/Bild-5.6-150x150.jpg\" class=\"attachment-thumbnail size-thumbnail wp-post-image\" alt=\"\" srcset=\"https:\/\/www.alpin-massivholz.ch\/wp-content\/uploads\/2019\/01\/Bild-5.6-150x150.jpg 150w, https:\/\/www.alpin-massivholz.ch\/wp-content\/uploads\/2019\/01\/Bild-5.6-300x300.jpg 300w, https:\/\/www.alpin-massivholz.ch\/wp-content\/uploads\/2019\/01\/Bild-5.6-100x100.jpg 100w\" sizes=\"auto, (max-width: 150px) 100vw, 150px\" \/><\/a> <a class=\"title\" href=\"https:\/\/www.alpin-massivholz.ch\/fr\/poutres-oldwood\/\">Poutres en OLDWOOD<\/a> <span class=\"excerpt-dash\">-<\/span> <span class=\"excerpt\">OLDWOOD est un bois o\u00f9 le temps a rapidement laiss\u00e9 sa marque. Ce n'est pas du vieux bois, mais c'est comme du vieux bois. Les propri\u00e9t\u00e9s statiques apr\u00e8s traitement sont test\u00e9es et connues. Il peut \u00eatre calcul\u00e9 statiquement (valeur C20) et convient donc \u00e0 une utilisation dans le secteur de la construction. Nous avons quelques poutres en stock \u00e0 l'aspect vieux bois sur 4 faces.<\/span><\/div><div class=\"listing-item\"><a class=\"image\" href=\"https:\/\/www.alpin-massivholz.ch\/fr\/lambris-de-construction\/\"><img loading=\"lazy\" decoding=\"async\" width=\"150\" height=\"150\" src=\"https:\/\/www.alpin-massivholz.ch\/wp-content\/uploads\/2019\/05\/Bild-5.8-1-150x150.jpg\" class=\"attachment-thumbnail size-thumbnail wp-post-image\" alt=\"Blindschalung\" srcset=\"https:\/\/www.alpin-massivholz.ch\/wp-content\/uploads\/2019\/05\/Bild-5.8-1-150x150.jpg 150w, https:\/\/www.alpin-massivholz.ch\/wp-content\/uploads\/2019\/05\/Bild-5.8-1-300x300.jpg 300w, https:\/\/www.alpin-massivholz.ch\/wp-content\/uploads\/2019\/05\/Bild-5.8-1-100x100.jpg 100w\" sizes=\"auto, (max-width: 150px) 100vw, 150px\" \/><\/a> <a class=\"title\" href=\"https:\/\/www.alpin-massivholz.ch\/fr\/lambris-de-construction\/\">Lambris de construction<\/a> <span class=\"excerpt-dash\">-<\/span> <span class=\"excerpt\">Les lambris de construction sont des planches rain\u00e9es cr\u00eat\u00e9es pour une pose non-visible sans exigences particuli\u00e8res de qualit\u00e9 visuelle. Ceux-ci remplacent les planches parall\u00e8les couramment utilis\u00e9es aujourd\u2019hui pour le contreventement des constructions bois.<\/span><\/div><\/div>\n","protected":false},"excerpt":{"rendered":"<p>Vom Baumstamm zum Konstruktionsholz Mit unseren Partnern aus der S\u00e4ge-Industrie werden aus dem Rohstoff Holz von massiven Balken bis zu hoch belastbaren Stabtr\u00e4gern alle Varianten von Konstruktionsh\u00f6lzern hergestellt. Klassisches Bauholz Massive Holzbalken sind das klassische Baumaterial f\u00fcr den Aussenbereich, historische Renovationen und f\u00fcr Bauten mit klar \u00f6kologischer Priorisierung. Wir bieten Bauholz frisch ges\u00e4gt, getrocknet, s\u00e4gerau &#8230; <a title=\"Lambris de construction\" class=\"read-more\" href=\"https:\/\/www.alpin-massivholz.ch\/fr\/lambris-de-construction\/\" aria-label=\"En savoir plus sur Lambris de construction\">Read more<\/a><\/p>\n","protected":false},"author":3,"featured_media":2200,"parent":186,"menu_order":10,"comment_status":"closed","ping_status":"closed","template":"","meta":{"footnotes":""},"class_list":["post-2417","page","type-page","status-publish","has-post-thumbnail","hentry","infinite-scroll-item"],"_links":{"self":[{"href":"https:\/\/www.alpin-massivholz.ch\/fr\/wp-json\/wp\/v2\/pages\/2417","targetHints":{"allow":["GET"]}}],"collection":[{"href":"https:\/\/www.alpin-massivholz.ch\/fr\/wp-json\/wp\/v2\/pages"}],"about":[{"href":"https:\/\/www.alpin-massivholz.ch\/fr\/wp-json\/wp\/v2\/types\/page"}],"author":[{"embeddable":true,"href":"https:\/\/www.alpin-massivholz.ch\/fr\/wp-json\/wp\/v2\/users\/3"}],"replies":[{"embeddable":true,"href":"https:\/\/www.alpin-massivholz.ch\/fr\/wp-json\/wp\/v2\/comments?post=2417"}],"version-history":[{"count":2,"href":"https:\/\/www.alpin-massivholz.ch\/fr\/wp-json\/wp\/v2\/pages\/2417\/revisions"}],"predecessor-version":[{"id":5670,"href":"https:\/\/www.alpin-massivholz.ch\/fr\/wp-json\/wp\/v2\/pages\/2417\/revisions\/5670"}],"up":[{"embeddable":true,"href":"https:\/\/www.alpin-massivholz.ch\/fr\/wp-json\/wp\/v2\/pages\/186"}],"wp:featuredmedia":[{"embeddable":true,"href":"https:\/\/www.alpin-massivholz.ch\/fr\/wp-json\/wp\/v2\/media\/2200"}],"wp:attachment":[{"href":"https:\/\/www.alpin-massivholz.ch\/fr\/wp-json\/wp\/v2\/media?parent=2417"}],"curies":[{"name":"wp","href":"https:\/\/api.w.org\/{rel}","templated":true}]}}