{"id":2403,"date":"2019-07-29T15:44:11","date_gmt":"2019-07-29T13:44:11","guid":{"rendered":"https:\/\/www.alpin-massivholz.ch\/?page_id=2403"},"modified":"2019-07-29T15:44:11","modified_gmt":"2019-07-29T13:44:11","slug":"bois-pour-lexterieur","status":"publish","type":"page","link":"https:\/\/www.alpin-massivholz.ch\/fr\/produkte\/bois-pour-lexterieur\/","title":{"rendered":"Bois pour l&rsquo;ext\u00e9rieur"},"content":{"rendered":"\n<p>Holz in Aussenbereich ist technisch eines der schwierigeren Gebiete f\u00fcr uns als Produzenten. Wir haben Erfahrung mit Produkten f\u00fcr:- <\/p>\n\n\n\n<ul class=\"wp-block-list\"><li>Terrassen-Bel\u00e4ge und Unterkonstruktionen<\/li><li>Sichtschutz-W\u00e4nde<\/li><li>Balken und Verkleidungen<\/li><li>Holz f\u00fcr die Gartengestaltung<\/li><li>sowie alle Varianten von Vordach- und Aussenschalungen<\/li><\/ul>\n\n\n\n<p>F\u00fcr Aussenbauteile sind je nach Beanspruchung andere Vorgaben zu erf\u00fcllen. Die Definition der Gebrauchsklassen bei Holzbauteilen gibt einen Leitfaden f\u00fcr die Beurteilung:<\/p>\n\n\n\n<figure class=\"wp-block-image\"><img loading=\"lazy\" decoding=\"async\" width=\"400\" height=\"222\" src=\"https:\/\/www.alpin-massivholz.ch\/wp-content\/uploads\/2019\/05\/Gefaehrdungsklassen-Aussenanwendung.jpg\" alt=\"\" class=\"wp-image-1036\" srcset=\"https:\/\/www.alpin-massivholz.ch\/wp-content\/uploads\/2019\/05\/Gefaehrdungsklassen-Aussenanwendung.jpg 400w, https:\/\/www.alpin-massivholz.ch\/wp-content\/uploads\/2019\/05\/Gefaehrdungsklassen-Aussenanwendung-300x167.jpg 300w\" sizes=\"auto, (max-width: 400px) 100vw, 400px\" \/><\/figure>\n\n\n\n<figure class=\"wp-block-image\"><img loading=\"lazy\" decoding=\"async\" width=\"547\" height=\"770\" src=\"https:\/\/www.alpin-massivholz.ch\/wp-content\/uploads\/2019\/05\/Gefaehrdungsklassen-Nummern.jpg\" alt=\"\" class=\"wp-image-1038\" srcset=\"https:\/\/www.alpin-massivholz.ch\/wp-content\/uploads\/2019\/05\/Gefaehrdungsklassen-Nummern.jpg 547w, https:\/\/www.alpin-massivholz.ch\/wp-content\/uploads\/2019\/05\/Gefaehrdungsklassen-Nummern-213x300.jpg 213w\" sizes=\"auto, (max-width: 547px) 100vw, 547px\" \/><\/figure>\n\n\n\n<p>Abgestimmt auf die Verwendung muss man:<\/p>\n\n\n\n<ul class=\"wp-block-list\"><li>Das Holz mit der richtigen Trocknungsstufe verbauen<\/li><li>Die richtige Holzart w\u00e4hlen<\/li><li>Dem konstruktiven Holzschutz entsprechend der Gef\u00e4hrdung Beachtung schenken<\/li><li>Die passende (Schutz)-Behandlung evaluieren.<\/li><\/ul>\n\n\n\n<p>Wir bieten Produkte f\u00fcr ein weites Spektrum von Verwendungen an.<\/p>\n\n\n\n<ul class=\"wp-block-gallery columns-1 is-cropped wp-block-gallery-1 is-layout-flex wp-block-gallery-is-layout-flex\"><li class=\"blocks-gallery-item\"><figure><img loading=\"lazy\" decoding=\"async\" width=\"1024\" height=\"768\" src=\"https:\/\/www.alpin-massivholz.ch\/wp-content\/uploads\/2019\/05\/Velohaus-1024x768.jpg\" alt=\"\" data-id=\"1040\" class=\"wp-image-1040\" srcset=\"https:\/\/www.alpin-massivholz.ch\/wp-content\/uploads\/2019\/05\/Velohaus-1024x768.jpg 1024w, https:\/\/www.alpin-massivholz.ch\/wp-content\/uploads\/2019\/05\/Velohaus-300x225.jpg 300w, https:\/\/www.alpin-massivholz.ch\/wp-content\/uploads\/2019\/05\/Velohaus-768x576.jpg 768w, https:\/\/www.alpin-massivholz.ch\/wp-content\/uploads\/2019\/05\/Velohaus-600x450.jpg 600w, https:\/\/www.alpin-massivholz.ch\/wp-content\/uploads\/2019\/05\/Velohaus.jpg 1440w\" sizes=\"auto, (max-width: 1024px) 100vw, 1024px\" \/><figcaption>Velo-Unterstand mit Holzschalung<\/figcaption><\/figure><\/li><\/ul>\n\n\n\n<h3 class=\"wp-block-heading\">Der \u00dcberblick \u00fcber unsere Produkte f\u00fcr den Aussenbereich<\/h3>\n\n\n<div class=\"display-posts-listing\"><div class=\"listing-item\"><a class=\"image\" href=\"https:\/\/www.alpin-massivholz.ch\/fr\/terrasses-en-bois\/\"><img loading=\"lazy\" decoding=\"async\" width=\"150\" height=\"150\" src=\"https:\/\/www.alpin-massivholz.ch\/wp-content\/uploads\/2019\/05\/bild-2.1-aktiv-150x150.jpg\" class=\"attachment-thumbnail size-thumbnail wp-post-image\" alt=\"\" srcset=\"https:\/\/www.alpin-massivholz.ch\/wp-content\/uploads\/2019\/05\/bild-2.1-aktiv-150x150.jpg 150w, https:\/\/www.alpin-massivholz.ch\/wp-content\/uploads\/2019\/05\/bild-2.1-aktiv-300x300.jpg 300w, https:\/\/www.alpin-massivholz.ch\/wp-content\/uploads\/2019\/05\/bild-2.1-aktiv-100x100.jpg 100w\" sizes=\"auto, (max-width: 150px) 100vw, 150px\" \/><\/a> <a class=\"title\" href=\"https:\/\/www.alpin-massivholz.ch\/fr\/terrasses-en-bois\/\">Terrasses en bois<\/a> <span class=\"excerpt-dash\">-<\/span> <span class=\"excerpt\">L'agrandissement de l'espace de vie en \u00e9t\u00e9 et l'am\u00e9nagement ext\u00e9rieur avec une terrasse en bois confortable offrent une qualit\u00e9 de vie suppl\u00e9mentaire. Nous fabriquons une grande vari\u00e9t\u00e9 de types de bois pour les planchers de terrasse qui feront de vos r\u00eaves une r\u00e9alit\u00e9.<\/span><\/div><div class=\"listing-item\"><a class=\"image\" href=\"https:\/\/www.alpin-massivholz.ch\/fr\/lambris-avant-toit\/\"><img loading=\"lazy\" decoding=\"async\" width=\"150\" height=\"150\" src=\"https:\/\/www.alpin-massivholz.ch\/wp-content\/uploads\/2019\/05\/bild-2.2-aktiv-150x150.jpg\" class=\"attachment-thumbnail size-thumbnail wp-post-image\" alt=\"\" srcset=\"https:\/\/www.alpin-massivholz.ch\/wp-content\/uploads\/2019\/05\/bild-2.2-aktiv-150x150.jpg 150w, https:\/\/www.alpin-massivholz.ch\/wp-content\/uploads\/2019\/05\/bild-2.2-aktiv-300x300.jpg 300w, https:\/\/www.alpin-massivholz.ch\/wp-content\/uploads\/2019\/05\/bild-2.2-aktiv-100x100.jpg 100w\" sizes=\"auto, (max-width: 150px) 100vw, 150px\" \/><\/a> <a class=\"title\" href=\"https:\/\/www.alpin-massivholz.ch\/fr\/lambris-avant-toit\/\">Lambris d&rsquo;avant-toit<\/a> <span class=\"excerpt-dash\">-<\/span> <span class=\"excerpt\">Les lambris d\u2019avant-toit pour la construction de garage ou autres constructions ext\u00e9rieurs sont sp\u00e9cialement fabriqu\u00e9s pour ces applications. Les surfaces ALPIN faiblement salissantes sont synonymes de qualit\u00e9 sup\u00e9rieure.<\/span><\/div><div class=\"listing-item\"><a class=\"image\" href=\"https:\/\/www.alpin-massivholz.ch\/fr\/brise-vue\/\"><img loading=\"lazy\" decoding=\"async\" width=\"150\" height=\"150\" src=\"https:\/\/www.alpin-massivholz.ch\/wp-content\/uploads\/2019\/05\/Bild-2.3-aktiv-150x150.jpg\" class=\"attachment-thumbnail size-thumbnail wp-post-image\" alt=\"\" srcset=\"https:\/\/www.alpin-massivholz.ch\/wp-content\/uploads\/2019\/05\/Bild-2.3-aktiv-150x150.jpg 150w, https:\/\/www.alpin-massivholz.ch\/wp-content\/uploads\/2019\/05\/Bild-2.3-aktiv-100x100.jpg 100w\" sizes=\"auto, (max-width: 150px) 100vw, 150px\" \/><\/a> <a class=\"title\" href=\"https:\/\/www.alpin-massivholz.ch\/fr\/brise-vue\/\">Brise vue<\/a> <span class=\"excerpt-dash\">-<\/span> <span class=\"excerpt\">Les mat\u00e9riaux pour la construction de brise-vue sont fabriqu\u00e9s de la m\u00eame mani\u00e8re que les lambris des fa\u00e7ades. Nous vous proposons de bons mat\u00e9riaux pour chaque type de cloisons. Du panneau au lambris profil\u00e9 et poteaux impr\u00e9gn\u00e9s sous pression, nous offrons tous les produits qui permettent de r\u00e9aliser des jardins de r\u00eave.<\/span><\/div><div class=\"listing-item\"><a class=\"image\" href=\"https:\/\/www.alpin-massivholz.ch\/fr\/bois-pour-le-jardin\/\"><img loading=\"lazy\" decoding=\"async\" width=\"150\" height=\"150\" src=\"https:\/\/www.alpin-massivholz.ch\/wp-content\/uploads\/2019\/05\/bild-2.4-aktiv-150x150.jpg\" class=\"attachment-thumbnail size-thumbnail wp-post-image\" alt=\"\" srcset=\"https:\/\/www.alpin-massivholz.ch\/wp-content\/uploads\/2019\/05\/bild-2.4-aktiv-150x150.jpg 150w, https:\/\/www.alpin-massivholz.ch\/wp-content\/uploads\/2019\/05\/bild-2.4-aktiv-300x300.jpg 300w, https:\/\/www.alpin-massivholz.ch\/wp-content\/uploads\/2019\/05\/bild-2.4-aktiv-100x100.jpg 100w\" sizes=\"auto, (max-width: 150px) 100vw, 150px\" \/><\/a> <a class=\"title\" href=\"https:\/\/www.alpin-massivholz.ch\/fr\/bois-pour-le-jardin\/\">Bois pour le jardin<\/a> <span class=\"excerpt-dash\">-<\/span> <span class=\"excerpt\">Le bois autoclav\u00e9 et les essences r\u00e9sistantes pour la construction \u00e0 l\u2019ext\u00e9rieur peuvent \u00eatre fabriqu\u00e9s selon les souhaits de chacun de nos clients. Le ch\u00eane, le douglas et le m\u00e9l\u00e8ze de premi\u00e8re qualit\u00e9 sont \u00e9galement disponibles pour d\u2019autres types de constructions.<\/span><\/div><\/div>\n","protected":false},"excerpt":{"rendered":"<p>Holz in Aussenbereich ist technisch eines der schwierigeren Gebiete f\u00fcr uns als Produzenten. Wir haben Erfahrung mit Produkten f\u00fcr:- Terrassen-Bel\u00e4ge und Unterkonstruktionen Sichtschutz-W\u00e4nde Balken und Verkleidungen Holz f\u00fcr die Gartengestaltung sowie alle Varianten von Vordach- und Aussenschalungen F\u00fcr Aussenbauteile sind je nach Beanspruchung andere Vorgaben zu erf\u00fcllen. Die Definition der Gebrauchsklassen bei Holzbauteilen gibt einen &#8230; <a title=\"Bois pour le jardin\" class=\"read-more\" href=\"https:\/\/www.alpin-massivholz.ch\/fr\/bois-pour-le-jardin\/\" aria-label=\"En savoir plus sur Bois pour le jardin\">Read more<\/a><\/p>\n","protected":false},"author":3,"featured_media":2194,"parent":186,"menu_order":6,"comment_status":"closed","ping_status":"closed","template":"","meta":{"footnotes":""},"class_list":["post-2403","page","type-page","status-publish","has-post-thumbnail","hentry","infinite-scroll-item"],"_links":{"self":[{"href":"https:\/\/www.alpin-massivholz.ch\/fr\/wp-json\/wp\/v2\/pages\/2403","targetHints":{"allow":["GET"]}}],"collection":[{"href":"https:\/\/www.alpin-massivholz.ch\/fr\/wp-json\/wp\/v2\/pages"}],"about":[{"href":"https:\/\/www.alpin-massivholz.ch\/fr\/wp-json\/wp\/v2\/types\/page"}],"author":[{"embeddable":true,"href":"https:\/\/www.alpin-massivholz.ch\/fr\/wp-json\/wp\/v2\/users\/3"}],"replies":[{"embeddable":true,"href":"https:\/\/www.alpin-massivholz.ch\/fr\/wp-json\/wp\/v2\/comments?post=2403"}],"version-history":[{"count":1,"href":"https:\/\/www.alpin-massivholz.ch\/fr\/wp-json\/wp\/v2\/pages\/2403\/revisions"}],"predecessor-version":[{"id":2404,"href":"https:\/\/www.alpin-massivholz.ch\/fr\/wp-json\/wp\/v2\/pages\/2403\/revisions\/2404"}],"up":[{"embeddable":true,"href":"https:\/\/www.alpin-massivholz.ch\/fr\/wp-json\/wp\/v2\/pages\/186"}],"wp:featuredmedia":[{"embeddable":true,"href":"https:\/\/www.alpin-massivholz.ch\/fr\/wp-json\/wp\/v2\/media\/2194"}],"wp:attachment":[{"href":"https:\/\/www.alpin-massivholz.ch\/fr\/wp-json\/wp\/v2\/media?parent=2403"}],"curies":[{"name":"wp","href":"https:\/\/api.w.org\/{rel}","templated":true}]}}