{"id":195,"date":"2019-02-13T14:43:35","date_gmt":"2019-02-13T13:43:35","guid":{"rendered":"http:\/\/dev.alpin-massivholz.ch\/?page_id=195"},"modified":"2020-01-24T13:47:16","modified_gmt":"2020-01-24T12:47:16","slug":"exposition-conseil","status":"publish","type":"page","link":"https:\/\/www.alpin-massivholz.ch\/fr\/exposition-conseil\/","title":{"rendered":"Exposition et Conseil"},"content":{"rendered":"\n<p><strong>Une consultation personnelle aide souvent plus que toute autre chose<\/strong><\/p>\n\n\n\n<div class=\"wp-block-image\"><figure class=\"aligncenter is-resized\"><img loading=\"lazy\" decoding=\"async\" src=\"https:\/\/www.alpin-massivholz.ch\/wp-content\/uploads\/2019\/05\/Beratungsgespr\u00e4ch.jpg\" alt=\"\" class=\"wp-image-1284\" width=\"449\" height=\"300\" srcset=\"https:\/\/www.alpin-massivholz.ch\/wp-content\/uploads\/2019\/05\/Beratungsgespr\u00e4ch.jpg 897w, https:\/\/www.alpin-massivholz.ch\/wp-content\/uploads\/2019\/05\/Beratungsgespr\u00e4ch-300x201.jpg 300w, https:\/\/www.alpin-massivholz.ch\/wp-content\/uploads\/2019\/05\/Beratungsgespr\u00e4ch-768x514.jpg 768w, https:\/\/www.alpin-massivholz.ch\/wp-content\/uploads\/2019\/05\/Beratungsgespr\u00e4ch-600x401.jpg 600w\" sizes=\"auto, (max-width: 449px) 100vw, 449px\" \/><\/figure><\/div>\n\n\n\n<p>Si vous prenez rendez-vous par t\u00e9l\u00e9phone, l&rsquo;un de nos sp\u00e9cialistes du bois se fera un plaisir de prendre le temps de vous conseiller personnellement.<\/p>\n\n\n\n<p><\/p>\n\n\n\n<p><strong>Nous exposons \u00e9galement de vrais \u00e9chantillons aux intemp\u00e9ries.<\/strong><\/p>\n\n\n\n<div class=\"wp-block-image\"><figure class=\"alignleft is-resized\"><img loading=\"lazy\" decoding=\"async\" src=\"https:\/\/www.alpin-massivholz.ch\/wp-content\/uploads\/2019\/05\/Wettergrau-Testmuster.jpg\" alt=\"\" class=\"wp-image-1296\" width=\"300\" height=\"304\" srcset=\"https:\/\/www.alpin-massivholz.ch\/wp-content\/uploads\/2019\/05\/Wettergrau-Testmuster.jpg 600w, https:\/\/www.alpin-massivholz.ch\/wp-content\/uploads\/2019\/05\/Wettergrau-Testmuster-296x300.jpg 296w, https:\/\/www.alpin-massivholz.ch\/wp-content\/uploads\/2019\/05\/Wettergrau-Testmuster-100x100.jpg 100w\" sizes=\"auto, (max-width: 300px) 100vw, 300px\" \/><\/figure><\/div>\n\n\n\n<p>Autour de nos bureaux, expos\u00e9s aux intemp\u00e9ries, nous disposons de lambris ext\u00e9rieur, de lames pour les terrasses avec tous les signes du vieillissement naturel. Dans notre expo, une multitude d\u2019\u00e9chantillons de parquet et d&rsquo;autres fournitures en bois y sont pr\u00e9sent\u00e9es. Nous prenons volontiers le temps de trouver avec vous la meilleure solution en bois.<\/p>\n\n\n\n<p><\/p>\n\n\n\n<p>Simplifions les choses, appelez-nous au 026 510 24 14.<\/p>\n\n\n\n<figure class=\"wp-block-image\"><img loading=\"lazy\" decoding=\"async\" width=\"1024\" height=\"616\" src=\"https:\/\/www.alpin-massivholz.ch\/wp-content\/uploads\/2019\/05\/Aufeldstrasse-GEb\u00e4ude-1024x616.jpg\" alt=\"\" class=\"wp-image-1281\" srcset=\"https:\/\/www.alpin-massivholz.ch\/wp-content\/uploads\/2019\/05\/Aufeldstrasse-GEb\u00e4ude-1024x616.jpg 1024w, https:\/\/www.alpin-massivholz.ch\/wp-content\/uploads\/2019\/05\/Aufeldstrasse-GEb\u00e4ude-300x181.jpg 300w, https:\/\/www.alpin-massivholz.ch\/wp-content\/uploads\/2019\/05\/Aufeldstrasse-GEb\u00e4ude-768x462.jpg 768w, https:\/\/www.alpin-massivholz.ch\/wp-content\/uploads\/2019\/05\/Aufeldstrasse-GEb\u00e4ude-600x361.jpg 600w, https:\/\/www.alpin-massivholz.ch\/wp-content\/uploads\/2019\/05\/Aufeldstrasse-GEb\u00e4ude.jpg 1431w\" sizes=\"auto, (max-width: 1024px) 100vw, 1024px\" \/><\/figure>\n\n\n\n<p><strong>Comment nous trouver \u00e0 Turgi\/Untersiggenthal<\/strong><\/p>\n\n\n\n<div class=\"wp-block-image\"><figure class=\"alignleft is-resized\"><a href=\"https:\/\/www.google.ch\/maps\/place\/Alpin+Massivholz+AG\/@47.4902821,8.2418221,14z\/data=!4m5!3m4!1s0x47906b04936e6b23:0x6cb733b47eef3fec!8m2!3d47.4984586!4d8.2466286\"><img loading=\"lazy\" decoding=\"async\" src=\"https:\/\/www.alpin-massivholz.ch\/wp-content\/uploads\/2019\/05\/ALPIN-Google-Maps.jpg\" alt=\"\" class=\"wp-image-1290\" width=\"333\" height=\"158\" srcset=\"https:\/\/www.alpin-massivholz.ch\/wp-content\/uploads\/2019\/05\/ALPIN-Google-Maps.jpg 665w, https:\/\/www.alpin-massivholz.ch\/wp-content\/uploads\/2019\/05\/ALPIN-Google-Maps-300x142.jpg 300w, https:\/\/www.alpin-massivholz.ch\/wp-content\/uploads\/2019\/05\/ALPIN-Google-Maps-600x284.jpg 600w\" sizes=\"auto, (max-width: 333px) 100vw, 333px\" \/><\/a><\/figure><\/div>\n\n\n\n<p> L\u2019adresse est : Aufeldstrasse 9, 5300 Turgi <\/p>\n\n\n\n<p>Il y a suffisamment de places de parking disponibles.<\/p>\n\n\n\n<p><\/p>\n\n\n\n<figure class=\"wp-block-image is-resized\"><img loading=\"lazy\" decoding=\"async\" src=\"https:\/\/www.alpin-massivholz.ch\/wp-content\/uploads\/2019\/05\/Bahnhof-Turgi.jpg\" alt=\"\" class=\"wp-image-1372\" width=\"361\" height=\"199\" srcset=\"https:\/\/www.alpin-massivholz.ch\/wp-content\/uploads\/2019\/05\/Bahnhof-Turgi.jpg 721w, https:\/\/www.alpin-massivholz.ch\/wp-content\/uploads\/2019\/05\/Bahnhof-Turgi-300x165.jpg 300w, https:\/\/www.alpin-massivholz.ch\/wp-content\/uploads\/2019\/05\/Bahnhof-Turgi-600x330.jpg 600w\" sizes=\"auto, (max-width: 361px) 100vw, 361px\" \/><\/figure>\n\n\n\n<div class=\"wp-block-image\"><figure class=\"alignright is-resized\"><img loading=\"lazy\" decoding=\"async\" src=\"https:\/\/www.alpin-massivholz.ch\/wp-content\/uploads\/2019\/05\/ALPIN-Fussweg-1.jpg\" alt=\"\" class=\"wp-image-1294\" width=\"336\" height=\"292\" srcset=\"https:\/\/www.alpin-massivholz.ch\/wp-content\/uploads\/2019\/05\/ALPIN-Fussweg-1.jpg 671w, https:\/\/www.alpin-massivholz.ch\/wp-content\/uploads\/2019\/05\/ALPIN-Fussweg-1-300x261.jpg 300w, https:\/\/www.alpin-massivholz.ch\/wp-content\/uploads\/2019\/05\/ALPIN-Fussweg-1-600x522.jpg 600w\" sizes=\"auto, (max-width: 336px) 100vw, 336px\" \/><\/figure><\/div>\n\n\n\n<p>On peut aussi nous rejoindre \u00e0 pied en un peu plus de 10 minutes depuis la gare de Turgi. Les visiteurs \u00e0 mobilit\u00e9 r\u00e9duite peuvent \u00e9galement \u00eatre accueillis \u00e0 la gare.<\/p>\n\n\n\n<p>Depuis la gare centrale de Zurich, vous pouvez nous rejoindre en 45 minutes environ via Baden\/Turgi avec l&rsquo;Interregio IR16.<\/p>\n","protected":false},"excerpt":{"rendered":"<p>Une consultation personnelle aide souvent plus que toute autre chose Si vous prenez rendez-vous par t\u00e9l\u00e9phone, l&rsquo;un de nos sp\u00e9cialistes du bois se fera un plaisir de prendre le temps de vous conseiller personnellement. Nous exposons \u00e9galement de vrais \u00e9chantillons aux intemp\u00e9ries. Autour de nos bureaux, expos\u00e9s aux intemp\u00e9ries, nous disposons de lambris ext\u00e9rieur, de &#8230; <a title=\"Exposition et Conseil\" class=\"read-more\" href=\"https:\/\/www.alpin-massivholz.ch\/fr\/exposition-conseil\/\" aria-label=\"En savoir plus sur Exposition et Conseil\">Read more<\/a><\/p>\n","protected":false},"author":1,"featured_media":0,"parent":0,"menu_order":6,"comment_status":"closed","ping_status":"closed","template":"","meta":{"footnotes":""},"class_list":{"0":"post-195","1":"page","2":"type-page","3":"status-publish","5":"infinite-scroll-item"},"_links":{"self":[{"href":"https:\/\/www.alpin-massivholz.ch\/fr\/wp-json\/wp\/v2\/pages\/195","targetHints":{"allow":["GET"]}}],"collection":[{"href":"https:\/\/www.alpin-massivholz.ch\/fr\/wp-json\/wp\/v2\/pages"}],"about":[{"href":"https:\/\/www.alpin-massivholz.ch\/fr\/wp-json\/wp\/v2\/types\/page"}],"author":[{"embeddable":true,"href":"https:\/\/www.alpin-massivholz.ch\/fr\/wp-json\/wp\/v2\/users\/1"}],"replies":[{"embeddable":true,"href":"https:\/\/www.alpin-massivholz.ch\/fr\/wp-json\/wp\/v2\/comments?post=195"}],"version-history":[{"count":5,"href":"https:\/\/www.alpin-massivholz.ch\/fr\/wp-json\/wp\/v2\/pages\/195\/revisions"}],"predecessor-version":[{"id":5855,"href":"https:\/\/www.alpin-massivholz.ch\/fr\/wp-json\/wp\/v2\/pages\/195\/revisions\/5855"}],"wp:attachment":[{"href":"https:\/\/www.alpin-massivholz.ch\/fr\/wp-json\/wp\/v2\/media?parent=195"}],"curies":[{"name":"wp","href":"https:\/\/api.w.org\/{rel}","templated":true}]}}