{"id":190,"date":"2019-02-13T15:38:59","date_gmt":"2019-02-13T14:38:59","guid":{"rendered":"http:\/\/dev.alpin-massivholz.ch\/?page_id=190"},"modified":"2019-07-30T12:54:55","modified_gmt":"2019-07-30T10:54:55","slug":"impressions","status":"publish","type":"page","link":"https:\/\/www.alpin-massivholz.ch\/fr\/impressions\/","title":{"rendered":"Impressions"},"content":{"rendered":"\n<h3 class=\"wp-block-heading\">R\u00e9f\u00e9rences | Images | Id\u00e9es | Exemples | Information<\/h3>\n\n\n\n<p> Voici la collection d\u2019exemples et d\u2019id\u00e9es inspirants <\/p>\n\n\n\n<div class=\"wp-block-image\"><figure class=\"aligncenter is-resized\"><a href=\"\/?page_id=1587\"><img loading=\"lazy\" decoding=\"async\" src=\"https:\/\/www.alpin-massivholz.ch\/wp-content\/uploads\/2019\/06\/Holzfassaden.jpg\" alt=\"\" class=\"wp-image-1573\" width=\"458\" height=\"363\" srcset=\"https:\/\/www.alpin-massivholz.ch\/wp-content\/uploads\/2019\/06\/Holzfassaden.jpg 915w, https:\/\/www.alpin-massivholz.ch\/wp-content\/uploads\/2019\/06\/Holzfassaden-300x238.jpg 300w, https:\/\/www.alpin-massivholz.ch\/wp-content\/uploads\/2019\/06\/Holzfassaden-768x609.jpg 768w, https:\/\/www.alpin-massivholz.ch\/wp-content\/uploads\/2019\/06\/Holzfassaden-600x476.jpg 600w\" sizes=\"auto, (max-width: 458px) 100vw, 458px\" \/><\/a><\/figure><\/div>\n\n\n\n<p>Une fa\u00e7ade est l&rsquo;enveloppe ext\u00e9rieure d&rsquo;un b\u00e2timent et nous voulons transmettre des id\u00e9es qui donnent une impression de ce qui est possible. La collection comprend des objets concrets, mais nous pouvons \u00e9galement fournir des \u00e9chantillons ou organiser une inspection d&rsquo;un projet existant.<\/p>\n\n\n\n<div class=\"wp-block-image\"><figure class=\"aligncenter is-resized\"><a href=\"\/?page_id=1717\"><img loading=\"lazy\" decoding=\"async\" src=\"https:\/\/www.alpin-massivholz.ch\/wp-content\/uploads\/2019\/06\/Terrassen-1.jpg\" alt=\"\" class=\"wp-image-1578\" width=\"435\" height=\"339\" srcset=\"https:\/\/www.alpin-massivholz.ch\/wp-content\/uploads\/2019\/06\/Terrassen-1.jpg 870w, https:\/\/www.alpin-massivholz.ch\/wp-content\/uploads\/2019\/06\/Terrassen-1-300x234.jpg 300w, https:\/\/www.alpin-massivholz.ch\/wp-content\/uploads\/2019\/06\/Terrassen-1-768x599.jpg 768w, https:\/\/www.alpin-massivholz.ch\/wp-content\/uploads\/2019\/06\/Terrassen-1-600x468.jpg 600w\" sizes=\"auto, (max-width: 435px) 100vw, 435px\" \/><\/a><\/figure><\/div>\n\n\n\n<p>Le bois dans la zone ext\u00e9rieure \u00e9largit la surface habitable et offre juste en \u00e9t\u00e9 un environnement accueillant sans se br\u00fbler les pieds. Nous recueillons les id\u00e9es et les inspirations pour vous et partageons volontiers notre exp\u00e9rience.<\/p>\n\n\n\n<div class=\"wp-block-image\"><figure class=\"aligncenter is-resized\"><a href=\"\/?page_id=1606\"><img loading=\"lazy\" decoding=\"async\" src=\"https:\/\/www.alpin-massivholz.ch\/wp-content\/uploads\/2019\/06\/Oldwood-Altholz-DE.jpg\" alt=\"\" class=\"wp-image-1745\" width=\"441\" height=\"245\" srcset=\"https:\/\/www.alpin-massivholz.ch\/wp-content\/uploads\/2019\/06\/Oldwood-Altholz-DE.jpg 882w, https:\/\/www.alpin-massivholz.ch\/wp-content\/uploads\/2019\/06\/Oldwood-Altholz-DE-300x166.jpg 300w, https:\/\/www.alpin-massivholz.ch\/wp-content\/uploads\/2019\/06\/Oldwood-Altholz-DE-768x426.jpg 768w, https:\/\/www.alpin-massivholz.ch\/wp-content\/uploads\/2019\/06\/Oldwood-Altholz-DE-600x333.jpg 600w\" sizes=\"auto, (max-width: 441px) 100vw, 441px\" \/><\/a><\/figure><\/div>\n\n\n\n<p>Projets, pi\u00e8ces de design et aussi explications techniques sur l&rsquo;inspiration autour des th\u00e8mes bois anciens et bois vieillis OLDWOOD est la collection de bois modifi\u00e9s d\u2019ALPIN.<\/p>\n\n\n\n<div class=\"wp-block-image\"><figure class=\"aligncenter is-resized\"><a href=\"\/?page_id=1596\"><img loading=\"lazy\" decoding=\"async\" src=\"https:\/\/www.alpin-massivholz.ch\/wp-content\/uploads\/2019\/06\/Holz-H\u00f6lzig-DE.jpg\" alt=\"\" class=\"wp-image-1747\" width=\"378\" height=\"335\" srcset=\"https:\/\/www.alpin-massivholz.ch\/wp-content\/uploads\/2019\/06\/Holz-H\u00f6lzig-DE.jpg 755w, https:\/\/www.alpin-massivholz.ch\/wp-content\/uploads\/2019\/06\/Holz-H\u00f6lzig-DE-300x266.jpg 300w, https:\/\/www.alpin-massivholz.ch\/wp-content\/uploads\/2019\/06\/Holz-H\u00f6lzig-DE-600x532.jpg 600w\" sizes=\"auto, (max-width: 378px) 100vw, 378px\" \/><\/a><\/figure><\/div>\n\n\n\n<p>Beaucoup de choses peuvent provenir du bois, qui n&rsquo;a pas besoin d&rsquo;\u00eatre dans l&rsquo;entrep\u00f4t. Nous sommes producteurs et connaissons de nombreuses mani\u00e8res d\u2019obtenir, de traiter et de raffiner du bois.<\/p>\n","protected":false},"excerpt":{"rendered":"<p>R\u00e9f\u00e9rences | Images | Id\u00e9es | Exemples | Information Voici la collection d\u2019exemples et d\u2019id\u00e9es inspirants Une fa\u00e7ade est l&rsquo;enveloppe ext\u00e9rieure d&rsquo;un b\u00e2timent et nous voulons transmettre des id\u00e9es qui donnent une impression de ce qui est possible. La collection comprend des objets concrets, mais nous pouvons \u00e9galement fournir des \u00e9chantillons ou organiser une inspection &#8230; <a title=\"Impressions\" class=\"read-more\" href=\"https:\/\/www.alpin-massivholz.ch\/fr\/impressions\/\" aria-label=\"En savoir plus sur Impressions\">Read more<\/a><\/p>\n","protected":false},"author":1,"featured_media":0,"parent":0,"menu_order":2,"comment_status":"closed","ping_status":"closed","template":"","meta":{"footnotes":""},"class_list":{"0":"post-190","1":"page","2":"type-page","3":"status-publish","5":"infinite-scroll-item"},"_links":{"self":[{"href":"https:\/\/www.alpin-massivholz.ch\/fr\/wp-json\/wp\/v2\/pages\/190","targetHints":{"allow":["GET"]}}],"collection":[{"href":"https:\/\/www.alpin-massivholz.ch\/fr\/wp-json\/wp\/v2\/pages"}],"about":[{"href":"https:\/\/www.alpin-massivholz.ch\/fr\/wp-json\/wp\/v2\/types\/page"}],"author":[{"embeddable":true,"href":"https:\/\/www.alpin-massivholz.ch\/fr\/wp-json\/wp\/v2\/users\/1"}],"replies":[{"embeddable":true,"href":"https:\/\/www.alpin-massivholz.ch\/fr\/wp-json\/wp\/v2\/comments?post=190"}],"version-history":[{"count":4,"href":"https:\/\/www.alpin-massivholz.ch\/fr\/wp-json\/wp\/v2\/pages\/190\/revisions"}],"predecessor-version":[{"id":2499,"href":"https:\/\/www.alpin-massivholz.ch\/fr\/wp-json\/wp\/v2\/pages\/190\/revisions\/2499"}],"wp:attachment":[{"href":"https:\/\/www.alpin-massivholz.ch\/fr\/wp-json\/wp\/v2\/media?parent=190"}],"curies":[{"name":"wp","href":"https:\/\/api.w.org\/{rel}","templated":true}]}}