{"id":181,"date":"2019-05-10T10:51:10","date_gmt":"2019-05-10T08:51:10","guid":{"rendered":"http:\/\/dev.alpin-massivholz.ch\/?page_id=181"},"modified":"2019-06-28T13:40:24","modified_gmt":"2019-06-28T11:40:24","slug":"portrait","status":"publish","type":"page","link":"https:\/\/www.alpin-massivholz.ch\/fr\/portrait\/","title":{"rendered":"Portrait"},"content":{"rendered":"\n<p><strong><em>Nous sommes Alpin<\/em><\/strong><\/p>\n\n\n\n<p><em>et nous sommes fiers de pouvoir\nconcr\u00e9tiser les id\u00e9es de bois avec nos partenaires depuis 1996 en tant que\ndistributeur et producteur ind\u00e9pendant.<\/em><\/p>\n\n\n\n<p><em>Nous trouvons des solutions avec du\nbois massif car ils peuvent nous dire ce que vous recherchez. Ce qui nous\ndiff\u00e9rencie, ce sont les personnes exp\u00e9riment\u00e9es et passionn\u00e9es par le bois. Le\nbois et l&rsquo;artisanat sont la base de notre travail quotidien.<\/em><\/p>\n\n\n\n<p><em>Dans notre entrep\u00f4t situ\u00e9 \u00e0 Turgi \/ AG pr\u00e8s de\nBaden, nous livrons nos produits \u00e0 des entreprises du traitement du bois dans\ntoute la Suisse.<\/em><\/p>\n\n\n\n<figure class=\"wp-block-image\"><img loading=\"lazy\" decoding=\"async\" width=\"915\" height=\"451\" src=\"https:\/\/www.alpin-massivholz.ch\/wp-content\/uploads\/2019\/02\/alpin-karte.png\" alt=\"\" class=\"wp-image-96\" srcset=\"https:\/\/www.alpin-massivholz.ch\/wp-content\/uploads\/2019\/02\/alpin-karte.png 915w, https:\/\/www.alpin-massivholz.ch\/wp-content\/uploads\/2019\/02\/alpin-karte-600x296.png 600w, https:\/\/www.alpin-massivholz.ch\/wp-content\/uploads\/2019\/02\/alpin-karte-300x148.png 300w, https:\/\/www.alpin-massivholz.ch\/wp-content\/uploads\/2019\/02\/alpin-karte-768x379.png 768w\" sizes=\"auto, (max-width: 915px) 100vw, 915px\" \/><\/figure>\n\n\n\n<figure class=\"wp-block-video\"><video controls src=\"https:\/\/www.alpin-massivholz.ch\/wp-content\/uploads\/video\/Alpin_2019_FR_Neu_720p.mp4\"><\/video><\/figure>\n\n\n\n<div class=\"wp-block-image\"><figure class=\"alignleft is-resized\"><img loading=\"lazy\" decoding=\"async\" src=\"https:\/\/www.alpin-massivholz.ch\/wp-content\/uploads\/2019\/05\/hsh-logo-fr-1.jpg\" alt=\"\" class=\"wp-image-1275\" width=\"300\" height=\"300\" srcset=\"https:\/\/www.alpin-massivholz.ch\/wp-content\/uploads\/2019\/05\/hsh-logo-fr-1.jpg 600w, https:\/\/www.alpin-massivholz.ch\/wp-content\/uploads\/2019\/05\/hsh-logo-fr-1-150x150.jpg 150w, https:\/\/www.alpin-massivholz.ch\/wp-content\/uploads\/2019\/05\/hsh-logo-fr-1-300x300.jpg 300w, https:\/\/www.alpin-massivholz.ch\/wp-content\/uploads\/2019\/05\/hsh-logo-fr-1-100x100.jpg 100w\" sizes=\"auto, (max-width: 300px) 100vw, 300px\" \/><\/figure><\/div>\n\n\n\n<figure class=\"wp-block-image\"><img loading=\"lazy\" decoding=\"async\" width=\"698\" height=\"1024\" src=\"https:\/\/www.alpin-massivholz.ch\/wp-content\/uploads\/2019\/05\/HSH-Zertifikat-ALPIN-MASSIVHOLZ-AG-1-698x1024.jpg\" alt=\"\" class=\"wp-image-1272\" srcset=\"https:\/\/www.alpin-massivholz.ch\/wp-content\/uploads\/2019\/05\/HSH-Zertifikat-ALPIN-MASSIVHOLZ-AG-1-698x1024.jpg 698w, https:\/\/www.alpin-massivholz.ch\/wp-content\/uploads\/2019\/05\/HSH-Zertifikat-ALPIN-MASSIVHOLZ-AG-1-205x300.jpg 205w, https:\/\/www.alpin-massivholz.ch\/wp-content\/uploads\/2019\/05\/HSH-Zertifikat-ALPIN-MASSIVHOLZ-AG-1-768x1126.jpg 768w, https:\/\/www.alpin-massivholz.ch\/wp-content\/uploads\/2019\/05\/HSH-Zertifikat-ALPIN-MASSIVHOLZ-AG-1-600x880.jpg 600w, https:\/\/www.alpin-massivholz.ch\/wp-content\/uploads\/2019\/05\/HSH-Zertifikat-ALPIN-MASSIVHOLZ-AG-1.jpg 1622w\" sizes=\"auto, (max-width: 698px) 100vw, 698px\" \/><\/figure>\n\n\n\n<pre class=\"wp-block-preformatted\">Nous sommes certifi\u00e9s et contr\u00f4l\u00e9s!\n\nNous sommes heureux de produire pour vous des mati\u00e8res premi\u00e8res et des produits semi-finis en bois suisse. <\/pre>\n","protected":false},"excerpt":{"rendered":"<p>Nous sommes Alpin et nous sommes fiers de pouvoir concr\u00e9tiser les id\u00e9es de bois avec nos partenaires depuis 1996 en tant que distributeur et producteur ind\u00e9pendant. Nous trouvons des solutions avec du bois massif car ils peuvent nous dire ce que vous recherchez. Ce qui nous diff\u00e9rencie, ce sont les personnes exp\u00e9riment\u00e9es et passionn\u00e9es par &#8230; <a title=\"Portrait\" class=\"read-more\" href=\"https:\/\/www.alpin-massivholz.ch\/fr\/portrait\/\" aria-label=\"En savoir plus sur Portrait\">Read more<\/a><\/p>\n","protected":false},"author":1,"featured_media":0,"parent":0,"menu_order":9,"comment_status":"closed","ping_status":"closed","template":"","meta":{"footnotes":""},"class_list":{"0":"post-181","1":"page","2":"type-page","3":"status-publish","5":"infinite-scroll-item"},"_links":{"self":[{"href":"https:\/\/www.alpin-massivholz.ch\/fr\/wp-json\/wp\/v2\/pages\/181","targetHints":{"allow":["GET"]}}],"collection":[{"href":"https:\/\/www.alpin-massivholz.ch\/fr\/wp-json\/wp\/v2\/pages"}],"about":[{"href":"https:\/\/www.alpin-massivholz.ch\/fr\/wp-json\/wp\/v2\/types\/page"}],"author":[{"embeddable":true,"href":"https:\/\/www.alpin-massivholz.ch\/fr\/wp-json\/wp\/v2\/users\/1"}],"replies":[{"embeddable":true,"href":"https:\/\/www.alpin-massivholz.ch\/fr\/wp-json\/wp\/v2\/comments?post=181"}],"version-history":[{"count":5,"href":"https:\/\/www.alpin-massivholz.ch\/fr\/wp-json\/wp\/v2\/pages\/181\/revisions"}],"predecessor-version":[{"id":1986,"href":"https:\/\/www.alpin-massivholz.ch\/fr\/wp-json\/wp\/v2\/pages\/181\/revisions\/1986"}],"wp:attachment":[{"href":"https:\/\/www.alpin-massivholz.ch\/fr\/wp-json\/wp\/v2\/media?parent=181"}],"curies":[{"name":"wp","href":"https:\/\/api.w.org\/{rel}","templated":true}]}}