{"id":1198,"date":"2019-05-27T09:17:16","date_gmt":"2019-05-27T07:17:16","guid":{"rendered":"http:\/\/dev.alpin-massivholz.ch\/?page_id=1198"},"modified":"2019-05-27T09:17:47","modified_gmt":"2019-05-27T07:17:47","slug":"facades-en-bois","status":"publish","type":"page","link":"https:\/\/www.alpin-massivholz.ch\/fr\/produkte\/facades-en-bois\/","title":{"rendered":"Fa\u00e7ades en bois"},"content":{"rendered":"\n<p><strong>Les fa\u00e7ades en bois dans presque toutes les versions &#8211; nous connaissons les meilleures solutions.<\/strong><\/p>\n\n\n\n<p>Gr\u00e2ce \u00e0 nos ann\u00e9es d&rsquo;exp\u00e9rience avec les fa\u00e7ades en bois, nous connaissons tr\u00e8s bien les exigences et les possibilit\u00e9s. Nous avons tous assist\u00e9 au d\u00e9veloppement des derni\u00e8res d\u00e9cennies &#8211; avec des hauts et des bas &#8211; et nous avons activement contribu\u00e9 \u00e0 le fa\u00e7onner.<\/p>\n\n\n\n<p>Nous produisons et livrons des mat\u00e9riaux pour les\nfa\u00e7ades en bois aux menuisiers pour des projets de toutes tailles.<\/p>\n\n\n\n<p>En\ncons\u00e9quence, nous avons plusieurs ann\u00e9es d\u2019exp\u00e9rience dans le domaine des\nfa\u00e7ades de milliers de m\u00e8tres carr\u00e9s de diff\u00e9rentes conceptions et nous\nconnaissons \u00e9galement les avantages et les inconv\u00e9nients \u00e0 long terme.<\/p>\n\n\n\n<p>Nous sommes \u00e9galement heureux de prendre en compte les exigences et les id\u00e9es des planificateurs et des constructeurs et de rechercher ensemble des solutions qui concr\u00e9tisent les id\u00e9es. <\/p>\n\n\n\n<p>Notre spectre est aussi large que le mat\u00e9riau de construction a du sens &#8230;. <\/p>\n\n\n\n<figure class=\"wp-block-image\"><img loading=\"lazy\" decoding=\"async\" width=\"906\" height=\"600\" src=\"https:\/\/www.alpin-massivholz.ch\/wp-content\/uploads\/2019\/05\/Wettergrau-Rhombus-offen.jpg\" alt=\"\" class=\"wp-image-954\" srcset=\"https:\/\/www.alpin-massivholz.ch\/wp-content\/uploads\/2019\/05\/Wettergrau-Rhombus-offen.jpg 906w, https:\/\/www.alpin-massivholz.ch\/wp-content\/uploads\/2019\/05\/Wettergrau-Rhombus-offen-300x199.jpg 300w, https:\/\/www.alpin-massivholz.ch\/wp-content\/uploads\/2019\/05\/Wettergrau-Rhombus-offen-768x509.jpg 768w, https:\/\/www.alpin-massivholz.ch\/wp-content\/uploads\/2019\/05\/Wettergrau-Rhombus-offen-600x397.jpg 600w\" sizes=\"auto, (max-width: 906px) 100vw, 906px\" \/><\/figure>\n\n\n\n<figure class=\"wp-block-image\"><img loading=\"lazy\" decoding=\"async\" width=\"902\" height=\"600\" src=\"https:\/\/www.alpin-massivholz.ch\/wp-content\/uploads\/2019\/05\/ALPIN-Thermo-F\u00f6hre-Bauenhaus.jpg\" alt=\"\" class=\"wp-image-956\" srcset=\"https:\/\/www.alpin-massivholz.ch\/wp-content\/uploads\/2019\/05\/ALPIN-Thermo-F\u00f6hre-Bauenhaus.jpg 902w, https:\/\/www.alpin-massivholz.ch\/wp-content\/uploads\/2019\/05\/ALPIN-Thermo-F\u00f6hre-Bauenhaus-300x200.jpg 300w, https:\/\/www.alpin-massivholz.ch\/wp-content\/uploads\/2019\/05\/ALPIN-Thermo-F\u00f6hre-Bauenhaus-768x511.jpg 768w, https:\/\/www.alpin-massivholz.ch\/wp-content\/uploads\/2019\/05\/ALPIN-Thermo-F\u00f6hre-Bauenhaus-600x399.jpg 600w\" sizes=\"auto, (max-width: 902px) 100vw, 902px\" \/><\/figure>\n","protected":false},"excerpt":{"rendered":"<p>Les fa\u00e7ades en bois dans presque toutes les versions &#8211; nous connaissons les meilleures solutions. Gr\u00e2ce \u00e0 nos ann\u00e9es d&rsquo;exp\u00e9rience avec les fa\u00e7ades en bois, nous connaissons tr\u00e8s bien les exigences et les possibilit\u00e9s. Nous avons tous assist\u00e9 au d\u00e9veloppement des derni\u00e8res d\u00e9cennies &#8211; avec des hauts et des bas &#8211; et nous avons activement &#8230; <a title=\"Fa\u00e7ades en bois\" class=\"read-more\" href=\"https:\/\/www.alpin-massivholz.ch\/fr\/produkte\/facades-en-bois\/\" aria-label=\"En savoir plus sur Fa\u00e7ades en bois\">Read more<\/a><\/p>\n","protected":false},"author":3,"featured_media":2191,"parent":186,"menu_order":2,"comment_status":"closed","ping_status":"closed","template":"","meta":{"footnotes":""},"class_list":{"0":"post-1198","1":"page","2":"type-page","3":"status-publish","4":"has-post-thumbnail","6":"infinite-scroll-item"},"_links":{"self":[{"href":"https:\/\/www.alpin-massivholz.ch\/fr\/wp-json\/wp\/v2\/pages\/1198","targetHints":{"allow":["GET"]}}],"collection":[{"href":"https:\/\/www.alpin-massivholz.ch\/fr\/wp-json\/wp\/v2\/pages"}],"about":[{"href":"https:\/\/www.alpin-massivholz.ch\/fr\/wp-json\/wp\/v2\/types\/page"}],"author":[{"embeddable":true,"href":"https:\/\/www.alpin-massivholz.ch\/fr\/wp-json\/wp\/v2\/users\/3"}],"replies":[{"embeddable":true,"href":"https:\/\/www.alpin-massivholz.ch\/fr\/wp-json\/wp\/v2\/comments?post=1198"}],"version-history":[{"count":1,"href":"https:\/\/www.alpin-massivholz.ch\/fr\/wp-json\/wp\/v2\/pages\/1198\/revisions"}],"predecessor-version":[{"id":1199,"href":"https:\/\/www.alpin-massivholz.ch\/fr\/wp-json\/wp\/v2\/pages\/1198\/revisions\/1199"}],"up":[{"embeddable":true,"href":"https:\/\/www.alpin-massivholz.ch\/fr\/wp-json\/wp\/v2\/pages\/186"}],"wp:featuredmedia":[{"embeddable":true,"href":"https:\/\/www.alpin-massivholz.ch\/fr\/wp-json\/wp\/v2\/media\/2191"}],"wp:attachment":[{"href":"https:\/\/www.alpin-massivholz.ch\/fr\/wp-json\/wp\/v2\/media?parent=1198"}],"curies":[{"name":"wp","href":"https:\/\/api.w.org\/{rel}","templated":true}]}}